{"id":1555,"date":"2024-04-11T01:46:04","date_gmt":"2024-04-11T06:46:04","guid":{"rendered":"https:\/\/0barreras.com\/?post_type=product&#038;p=1555"},"modified":"2024-06-04T14:25:18","modified_gmt":"2024-06-04T19:25:18","slug":"dispositivo-para-aprender-braille-perkins-smart-brailler","status":"publish","type":"product","link":"https:\/\/0barreras.com\/en\/product\/dispositivo-para-aprender-braille-perkins-smart-brailler\/","title":{"rendered":"Perkins Smart Brailler dispositivo para aprender Braille: Haz del aprendizaje del Braille una experiencia interactiva"},"content":{"rendered":"<p>El Perkins Smart Brailler redefine la forma en que se aprende el Braille con su dise\u00f1o electr\u00f3nico innovador. Este Brailler de nuevo dise\u00f1o<br \/>\nfacilita y hace m\u00e1s divertido el aprendizaje del Braille para estudiantes, maestros y padres por igual. Con la visualizaci\u00f3n de video y la retroalimentaci\u00f3n verbal, los maestros y padres pueden observar y escuchar las letras mientras el estudiante escribe, brindando una experiencia de aprendizaje m\u00e1s completa. La pantalla de video tambi\u00e9n presenta SimBraille, una fuente que proporciona puntos de sombra para ayudar a los lectores de Braille videntes a leer Braille. Adem\u00e1s de su funcionalidad educativa, el Perkins Smart Brailler tambi\u00e9n ofrece caracter\u00edsticas t\u00e9cnicas avanzadas para mejorar la experiencia del usuario.<br \/>\nCon un peso de 8.5 libras y dimensiones compactas de 14&#8243; de ancho x 9.5&#8243; de profundidad x 5.5&#8243; de alto, es port\u00e1til y f\u00e1cil de transportar. La pantalla de 4.3&#8243; con una resoluci\u00f3n de 480&#215;272 p\u00edxeles ofrece una visualizaci\u00f3n clara y n\u00edtida. Adem\u00e1s, cuenta con un altavoz incorporado y un conector para auriculares para una experiencia de audio vers\u00e1til. La voz se puede personalizar como masculina o femenina para adaptarse a las preferencias del usuario.<br \/>\nCon un puerto USB integrado, el Perkins Smart Brailler permite editar, guardar y transferir documentos electr\u00f3nicos, brindando una mayor flexibilidad en el proceso de aprendizaje y ense\u00f1anza del Braille. Con todas estas caracter\u00edsticas t\u00e9cnicas y funcionales, el Perkins Smart Brailler se destaca como una herramienta imprescindible para hacer del aprendizaje del Braille una experiencia interactiva, emocionante y accesible para todos.<\/p>","protected":false},"excerpt":{"rendered":"<p>El Perkins Smart Brailler es un Brailler electr\u00f3nico innovador que hace que aprender Braille sea m\u00e1s f\u00e1cil y divertido. Con visualizaci\u00f3n de video<br \/>\ny retroalimentaci\u00f3n verbal, facilita el aprendizaje para estudiantes, maestros y padres. La pantalla muestra SimBraille para lectores videntes de Braille. Con caracter\u00edsticas t\u00e9cnicas avanzadas y portabilidad, como una pantalla de 4.3&#8243;, altavoz incorporado, y puerto USB para editar y transferir documentos, ofrece una experiencia de aprendizaje completa y vers\u00e1til.<\/p>","protected":false},"featured_media":1556,"comment_status":"open","ping_status":"closed","template":"","meta":[],"product_cat":[18,112,117,22,129,161,182,185,113],"product_tag":[],"class_list":["post-1555","product","type-product","status-publish","has-post-thumbnail","hentry","product_cat-baja-vision","product_cat-braille","product_cat-dispositivos-braille","product_cat-diversidad-visual","product_cat-juegos-y-educacion","product_cat-productos-educativos","product_cat-tecnologia-de-asistencia","product_cat-tecnologia-de-asistencia-braille","product_cat-tecnologia-de-asistencia-para-ciegos"],"_links":{"self":[{"href":"https:\/\/0barreras.com\/en\/wp-json\/wp\/v2\/product\/1555","targetHints":{"allow":["GET"]}}],"collection":[{"href":"https:\/\/0barreras.com\/en\/wp-json\/wp\/v2\/product"}],"about":[{"href":"https:\/\/0barreras.com\/en\/wp-json\/wp\/v2\/types\/product"}],"replies":[{"embeddable":true,"href":"https:\/\/0barreras.com\/en\/wp-json\/wp\/v2\/comments?post=1555"}],"version-history":[{"count":1,"href":"https:\/\/0barreras.com\/en\/wp-json\/wp\/v2\/product\/1555\/revisions"}],"predecessor-version":[{"id":1696,"href":"https:\/\/0barreras.com\/en\/wp-json\/wp\/v2\/product\/1555\/revisions\/1696"}],"wp:featuredmedia":[{"embeddable":true,"href":"https:\/\/0barreras.com\/en\/wp-json\/wp\/v2\/media\/1556"}],"wp:attachment":[{"href":"https:\/\/0barreras.com\/en\/wp-json\/wp\/v2\/media?parent=1555"}],"wp:term":[{"taxonomy":"product_cat","embeddable":true,"href":"https:\/\/0barreras.com\/en\/wp-json\/wp\/v2\/product_cat?post=1555"},{"taxonomy":"product_tag","embeddable":true,"href":"https:\/\/0barreras.com\/en\/wp-json\/wp\/v2\/product_tag?post=1555"}],"curies":[{"name":"wp","href":"https:\/\/api.w.org\/{rel}","templated":true}]}}