{"id":1549,"date":"2024-04-11T01:38:06","date_gmt":"2024-04-11T06:38:06","guid":{"rendered":"https:\/\/0barreras.com\/?post_type=product&#038;p=1549"},"modified":"2024-06-04T14:24:22","modified_gmt":"2024-06-04T19:24:22","slug":"dispositivo-braille-con-lector-de-libros-y-con-cable-usb-para-pc-orbit-reader-20-plus","status":"publish","type":"product","link":"https:\/\/0barreras.com\/en\/product\/dispositivo-braille-con-lector-de-libros-y-con-cable-usb-para-pc-orbit-reader-20-plus\/","title":{"rendered":"Orbit Reader 20 Plus &#8211; Dispositivo braille con lector de libros para pc, Linux, Ios y Android"},"content":{"rendered":"<p>El Orbit Reader 20 Plus eleva la experiencia braille a nuevas alturas con sus mejoras y funcionalidades avanzadas. Es la opci\u00f3n ideal para aquellos que buscan un dispositivo vers\u00e1til y poderoso que les permita comunicarse, aprender y navegar por el mundo digital de manera eficiente y c\u00f3moda. Con su capacidad de traducci\u00f3n hacia adelante y hacia atr\u00e1s, el Orbit Reader 20 Plus abre las puertas a la accesibilidad multiling\u00fce, brindando soporte para m\u00e1s de 40 idiomas. Ya sea tomando notas, leyendo libros o navegando por la web, este dispositivo es una herramienta todo en uno que satisface todas sus necesidades.<br \/>\nSu dise\u00f1o simple pero resistente incorpora 20 celdas braille de ocho puntos, ocho teclas de entrada braille y teclas de cursor y panor\u00e1mica para una navegaci\u00f3n fluida. Adem\u00e1s, su conectividad USB y Bluetooth le permite conectarse f\u00e1cilmente a computadoras y dispositivos m\u00f3viles, incluyendo Android, iOS, Windows, Fire OS, Chrome y Linux.<br \/>\nEl Orbit Reader 20 Plus es ligero y compacto, perfecto para llevarlo a cualquier lugar. Con su bater\u00eda recargable de alta capacidad, disfrutar\u00e1s de horas de uso ininterrumpido. Ya sea leyendo correos electr\u00f3nicos, programando citas o realizando c\u00e1lculos, este dispositivo hace que cada tarea sea m\u00e1s f\u00e1cil y accesible.<\/p>","protected":false},"excerpt":{"rendered":"<p>El Orbit Reader 20 Plus es un dispositivo braille vers\u00e1til y potente que ofrece traducci\u00f3n hacia adelante y hacia atr\u00e1s para m\u00e1s de 40 idiomas. Con su dise\u00f1o resistente y compacto, teclas de control panor\u00e1mico y conectividad USB y Bluetooth, es la opci\u00f3n ideal para aquellos que buscan una experiencia braille completa y accesible. Ya sea como dispositivo independiente o conectado a computadoras y dispositivos m\u00f3viles, el Orbit Reader 20 Plus ofrece una experiencia braille sin igual.<\/p>","protected":false},"featured_media":1550,"comment_status":"open","ping_status":"closed","template":"","meta":[],"product_cat":[18,112,22,182,185,113],"product_tag":[],"class_list":["post-1549","product","type-product","status-publish","has-post-thumbnail","hentry","product_cat-baja-vision","product_cat-braille","product_cat-diversidad-visual","product_cat-tecnologia-de-asistencia","product_cat-tecnologia-de-asistencia-braille","product_cat-tecnologia-de-asistencia-para-ciegos"],"_links":{"self":[{"href":"https:\/\/0barreras.com\/en\/wp-json\/wp\/v2\/product\/1549","targetHints":{"allow":["GET"]}}],"collection":[{"href":"https:\/\/0barreras.com\/en\/wp-json\/wp\/v2\/product"}],"about":[{"href":"https:\/\/0barreras.com\/en\/wp-json\/wp\/v2\/types\/product"}],"replies":[{"embeddable":true,"href":"https:\/\/0barreras.com\/en\/wp-json\/wp\/v2\/comments?post=1549"}],"version-history":[{"count":1,"href":"https:\/\/0barreras.com\/en\/wp-json\/wp\/v2\/product\/1549\/revisions"}],"predecessor-version":[{"id":1551,"href":"https:\/\/0barreras.com\/en\/wp-json\/wp\/v2\/product\/1549\/revisions\/1551"}],"wp:featuredmedia":[{"embeddable":true,"href":"https:\/\/0barreras.com\/en\/wp-json\/wp\/v2\/media\/1550"}],"wp:attachment":[{"href":"https:\/\/0barreras.com\/en\/wp-json\/wp\/v2\/media?parent=1549"}],"wp:term":[{"taxonomy":"product_cat","embeddable":true,"href":"https:\/\/0barreras.com\/en\/wp-json\/wp\/v2\/product_cat?post=1549"},{"taxonomy":"product_tag","embeddable":true,"href":"https:\/\/0barreras.com\/en\/wp-json\/wp\/v2\/product_tag?post=1549"}],"curies":[{"name":"wp","href":"https:\/\/api.w.org\/{rel}","templated":true}]}}