{"id":1547,"date":"2024-04-11T01:38:00","date_gmt":"2024-04-11T06:38:00","guid":{"rendered":"https:\/\/0barreras.com\/?post_type=product&#038;p=1547"},"modified":"2024-06-04T14:24:22","modified_gmt":"2024-06-04T19:24:22","slug":"dispositivo-braille-con-lector-de-libros-y-con-cable-usb-para-pc-orbit-reader-40","status":"publish","type":"product","link":"https:\/\/0barreras.com\/en\/product\/dispositivo-braille-con-lector-de-libros-y-con-cable-usb-para-pc-orbit-reader-40\/","title":{"rendered":"Orbit Reader 40 &#8211; Dispositivo braille con lector de libros para pc, Ios y Android"},"content":{"rendered":"<p>El Orbit Reader 40 es realmente un dispositivo impresionante para personas ciegas o con discapacidad visual. Su versatilidad y funcionalidad lo convierten en una herramienta muy \u00fatil para diversas actividades, desde leer libros y documentos en braille hasta tomar notas y acceder a funciones de ordenadores y tel\u00e9fonos inteligentes. La capacidad de conectarse tanto a trav\u00e9s de USB como de Bluetooth ampl\u00eda a\u00fan m\u00e1s sus posibilidades de uso. Sus caracter\u00edsticas clave, como las teclas basculantes de control panor\u00e1mico, la traducci\u00f3n de idiomas incorporada y las aplicaciones \u00fatiles como el reloj, el calendario y la calculadora, hacen que sea un dispositivo completo y pr\u00e1ctico.<br \/>\nAdem\u00e1s, la compatibilidad con una amplia gama de sistemas operativos, incluyendo Android, iOS, Windows y Chrome, lo hace a\u00fan m\u00e1s accesible para diferentes usuarios. Y con su dise\u00f1o compacto y recargable, es conveniente llevarlo a cualquier lugar.<br \/>\nLos recursos proporcionados, como las gu\u00edas de inicio r\u00e1pido y los manuales de usuario en diferentes formatos, son muy \u00fatiles para aquellos que deseen familiarizarse r\u00e1pidamente con el dispositivo y sacar el m\u00e1ximo provecho de sus capacidades.<\/p>","protected":false},"excerpt":{"rendered":"<p>El Orbit Reader 40 es un dispositivo vers\u00e1til y completo dise\u00f1ado para personas ciegas o con discapacidad visual. Conectividad USB y Bluetooth, teclas de control panor\u00e1mico, traducci\u00f3n de idiomas incorporada y aplicaciones \u00fatiles lo convierten en una herramienta esencial para leer, tomar notas y acceder a funciones de dispositivos inteligentes. Compatible con una variedad de sistemas operativos y con un dise\u00f1o compacto y recargable, el Orbit Reader 40 es la soluci\u00f3n perfecta para usuarios en movimiento.<\/p>","protected":false},"featured_media":1548,"comment_status":"open","ping_status":"closed","template":"","meta":[],"product_cat":[18,112,22,182,185,113],"product_tag":[],"class_list":["post-1547","product","type-product","status-publish","has-post-thumbnail","hentry","product_cat-baja-vision","product_cat-braille","product_cat-diversidad-visual","product_cat-tecnologia-de-asistencia","product_cat-tecnologia-de-asistencia-braille","product_cat-tecnologia-de-asistencia-para-ciegos"],"_links":{"self":[{"href":"https:\/\/0barreras.com\/en\/wp-json\/wp\/v2\/product\/1547","targetHints":{"allow":["GET"]}}],"collection":[{"href":"https:\/\/0barreras.com\/en\/wp-json\/wp\/v2\/product"}],"about":[{"href":"https:\/\/0barreras.com\/en\/wp-json\/wp\/v2\/types\/product"}],"replies":[{"embeddable":true,"href":"https:\/\/0barreras.com\/en\/wp-json\/wp\/v2\/comments?post=1547"}],"version-history":[{"count":1,"href":"https:\/\/0barreras.com\/en\/wp-json\/wp\/v2\/product\/1547\/revisions"}],"predecessor-version":[{"id":1693,"href":"https:\/\/0barreras.com\/en\/wp-json\/wp\/v2\/product\/1547\/revisions\/1693"}],"wp:featuredmedia":[{"embeddable":true,"href":"https:\/\/0barreras.com\/en\/wp-json\/wp\/v2\/media\/1548"}],"wp:attachment":[{"href":"https:\/\/0barreras.com\/en\/wp-json\/wp\/v2\/media?parent=1547"}],"wp:term":[{"taxonomy":"product_cat","embeddable":true,"href":"https:\/\/0barreras.com\/en\/wp-json\/wp\/v2\/product_cat?post=1547"},{"taxonomy":"product_tag","embeddable":true,"href":"https:\/\/0barreras.com\/en\/wp-json\/wp\/v2\/product_tag?post=1547"}],"curies":[{"name":"wp","href":"https:\/\/api.w.org\/{rel}","templated":true}]}}