{"id":1537,"date":"2024-04-10T12:11:22","date_gmt":"2024-04-10T17:11:22","guid":{"rendered":"https:\/\/0barreras.com\/?post_type=product&#038;p=1537"},"modified":"2024-04-14T16:24:51","modified_gmt":"2024-04-14T21:24:51","slug":"lupa-electronica-con-reconocimiento-optico-de-caracteres-marca-patriot","status":"publish","type":"product","link":"https:\/\/0barreras.com\/en\/product\/lupa-electronica-con-reconocimiento-optico-de-caracteres-marca-patriot\/","title":{"rendered":"Lupa electr\u00f3nica con reconocimiento optico de caracteres (OCR) marca Patriot"},"content":{"rendered":"<p>Descubre una nueva forma de acceder a tus materiales de lectura con el lector de 10&#8243; pulgadas Patriot, un sistema de aumento f\u00e1cil de usar basado en una tableta Android. Con funciones avanzadas de ampliaci\u00f3n en vivo y reconocimiento \u00f3ptico de caracteres (OCR), este dispositivo te permite ampliar cualquier material de lectura o escanear y leer una p\u00e1gina completa con tecnolog\u00eda de texto a voz.<br \/>\nEl Patriot ofrece una experiencia de lectura personalizable con ajuste de aumento mediante la tecnolog\u00eda de pellizco de 2 dedos y cambio de combinaciones de colores con un toque de 3 dedos. Con 10 voces naturales y una selecci\u00f3n de idiomas, puedes disfrutar de una lectura fluida y natural en cualquier situaci\u00f3n. Con una c\u00e1mara de 8 megap\u00edxeles con luz LED integrada, el Patriot captura im\u00e1genes n\u00edtidas y claras para un escaneo preciso. La duraci\u00f3n de la bater\u00eda de 8 horas te permite disfrutar de una lectura prolongada sin preocupaciones.<\/p>","protected":false},"excerpt":{"rendered":"<p>Explora una lectura m\u00e1s accesible y personalizada con el lector de 10&#8243; pulgadas Patriot. Con funciones avanzadas de ampliaci\u00f3n en vivo, OCR y texto a voz, este dispositivo es ideal para personas con discapacidad visual y para aquellos que desean una experiencia de lectura m\u00e1s flexible y c\u00f3moda.<\/p>","protected":false},"featured_media":1538,"comment_status":"open","ping_status":"closed","template":"","meta":[],"product_cat":[18,121,104,22,110,111],"product_tag":[],"class_list":["post-1537","product","type-product","status-publish","has-post-thumbnail","hentry","product_cat-baja-vision","product_cat-dispositivos-de-aumento-eletronicos","product_cat-dispositivos-para-el-apoyo-en-libros","product_cat-diversidad-visual","product_cat-escaneres-de-texto-y-lectores-de-caracteres","product_cat-patriot"],"_links":{"self":[{"href":"https:\/\/0barreras.com\/en\/wp-json\/wp\/v2\/product\/1537","targetHints":{"allow":["GET"]}}],"collection":[{"href":"https:\/\/0barreras.com\/en\/wp-json\/wp\/v2\/product"}],"about":[{"href":"https:\/\/0barreras.com\/en\/wp-json\/wp\/v2\/types\/product"}],"replies":[{"embeddable":true,"href":"https:\/\/0barreras.com\/en\/wp-json\/wp\/v2\/comments?post=1537"}],"version-history":[{"count":1,"href":"https:\/\/0barreras.com\/en\/wp-json\/wp\/v2\/product\/1537\/revisions"}],"predecessor-version":[{"id":1606,"href":"https:\/\/0barreras.com\/en\/wp-json\/wp\/v2\/product\/1537\/revisions\/1606"}],"wp:featuredmedia":[{"embeddable":true,"href":"https:\/\/0barreras.com\/en\/wp-json\/wp\/v2\/media\/1538"}],"wp:attachment":[{"href":"https:\/\/0barreras.com\/en\/wp-json\/wp\/v2\/media?parent=1537"}],"wp:term":[{"taxonomy":"product_cat","embeddable":true,"href":"https:\/\/0barreras.com\/en\/wp-json\/wp\/v2\/product_cat?post=1537"},{"taxonomy":"product_tag","embeddable":true,"href":"https:\/\/0barreras.com\/en\/wp-json\/wp\/v2\/product_tag?post=1537"}],"curies":[{"name":"wp","href":"https:\/\/api.w.org\/{rel}","templated":true}]}}