{"id":1510,"date":"2024-04-08T16:08:14","date_gmt":"2024-04-08T21:08:14","guid":{"rendered":"https:\/\/0barreras.com\/?post_type=product&#038;p=1510"},"modified":"2024-04-11T15:52:44","modified_gmt":"2024-04-11T20:52:44","slug":"reproductor-de-audiobiblia-marca-megavoice-envoy-2-s-version-king-james-en-espanol","status":"publish","type":"product","link":"https:\/\/0barreras.com\/en\/product\/reproductor-de-audiobiblia-marca-megavoice-envoy-2-s-version-king-james-en-espanol\/","title":{"rendered":"La Biblia en Tu Bolsillo&#8221; ( MegaVoice Envoy S Audio King James en Espa\u00f1ol: Marca: MegaVoice)"},"content":{"rendered":"<p>Experimenta la Palabra de Dios de una manera completamente nueva con el dispositivo MegaVoice Envoy S Audio King James en espa\u00f1ol, una poderosa herramienta de ense\u00f1anza y entrenamiento que cabe en tu bolsillo. Este dispositivo revolucionario es peque\u00f1o, resistente e innovador, alimentado \u00fanicamente por la luz solar, lo que lo convierte en la opci\u00f3n perfecta para aquellos que desean acceder a la Biblia en cualquier momento y lugar.<\/p>","protected":false},"excerpt":{"rendered":"<p>Sum\u00e9rgete en la Palabra de Dios en cualquier momento y lugar con el MegaVoice Envoy S Audio King James en espa\u00f1ol. Con hasta 800 horas de contenido de audio a prueba de manipulaciones, este dispositivo resistente y port\u00e1til es perfecto para personas de todas las edades y capacidades.<\/p>","protected":false},"featured_media":1536,"comment_status":"open","ping_status":"closed","template":"","meta":[],"product_cat":[18,104,22,109],"product_tag":[],"class_list":["post-1510","product","type-product","status-publish","has-post-thumbnail","hentry","product_cat-baja-vision","product_cat-dispositivos-para-el-apoyo-en-libros","product_cat-diversidad-visual","product_cat-religion"],"_links":{"self":[{"href":"https:\/\/0barreras.com\/en\/wp-json\/wp\/v2\/product\/1510","targetHints":{"allow":["GET"]}}],"collection":[{"href":"https:\/\/0barreras.com\/en\/wp-json\/wp\/v2\/product"}],"about":[{"href":"https:\/\/0barreras.com\/en\/wp-json\/wp\/v2\/types\/product"}],"replies":[{"embeddable":true,"href":"https:\/\/0barreras.com\/en\/wp-json\/wp\/v2\/comments?post=1510"}],"version-history":[{"count":1,"href":"https:\/\/0barreras.com\/en\/wp-json\/wp\/v2\/product\/1510\/revisions"}],"predecessor-version":[{"id":1605,"href":"https:\/\/0barreras.com\/en\/wp-json\/wp\/v2\/product\/1510\/revisions\/1605"}],"wp:featuredmedia":[{"embeddable":true,"href":"https:\/\/0barreras.com\/en\/wp-json\/wp\/v2\/media\/1536"}],"wp:attachment":[{"href":"https:\/\/0barreras.com\/en\/wp-json\/wp\/v2\/media?parent=1510"}],"wp:term":[{"taxonomy":"product_cat","embeddable":true,"href":"https:\/\/0barreras.com\/en\/wp-json\/wp\/v2\/product_cat?post=1510"},{"taxonomy":"product_tag","embeddable":true,"href":"https:\/\/0barreras.com\/en\/wp-json\/wp\/v2\/product_tag?post=1510"}],"curies":[{"name":"wp","href":"https:\/\/api.w.org\/{rel}","templated":true}]}}