{"id":150,"date":"2024-01-08T17:15:00","date_gmt":"2024-01-08T22:15:00","guid":{"rendered":"https:\/\/0barreras.com\/?post_type=product&#038;p=150"},"modified":"2024-03-31T13:12:53","modified_gmt":"2024-03-31T18:12:53","slug":"gafas-para-leer-moradas-mujer","status":"publish","type":"product","link":"https:\/\/0barreras.com\/en\/product\/gafas-para-leer-moradas-mujer\/","title":{"rendered":"Gafas de Lectura Elegantes para dama en Tonos Morados"},"content":{"rendered":"<p>Descubre la elegancia y accesibilidad con nuestras gafas de lectura contempor\u00e1neas. Disponibles en un atractivo tono rojo p\u00farpura transl\u00facido y con una variedad de dioptr\u00edas, desde <strong>+1.00<\/strong> hasta <strong>+3.00<\/strong>, son perfectas para complementar cualquier estilo y presupuesto. \u00a1Hazte con varios pares y realza tu look diario!<\/p>\n<p>&nbsp;<\/p>\n<p>&nbsp;<\/p>\n<p>&nbsp;<\/p>","protected":false},"excerpt":{"rendered":"<p>Admira y compra nuestras gafas de lectura modernas y econ\u00f3micas, disponibles en un encantador rojo p\u00farpura transl\u00facido y en dioptr\u00edas de\u00a0<strong>+1.00<\/strong>\u00a0a\u00a0<strong>+3.00<\/strong>, ideales para cualquier estilo.<\/p>","protected":false},"featured_media":156,"comment_status":"open","ping_status":"closed","template":"","meta":[],"product_cat":[18,22,25],"product_tag":[],"class_list":["post-150","product","type-product","status-publish","has-post-thumbnail","hentry","product_cat-baja-vision","product_cat-diversidad-visual","product_cat-gafas-de-lectura"],"_links":{"self":[{"href":"https:\/\/0barreras.com\/en\/wp-json\/wp\/v2\/product\/150","targetHints":{"allow":["GET"]}}],"collection":[{"href":"https:\/\/0barreras.com\/en\/wp-json\/wp\/v2\/product"}],"about":[{"href":"https:\/\/0barreras.com\/en\/wp-json\/wp\/v2\/types\/product"}],"replies":[{"embeddable":true,"href":"https:\/\/0barreras.com\/en\/wp-json\/wp\/v2\/comments?post=150"}],"version-history":[{"count":1,"href":"https:\/\/0barreras.com\/en\/wp-json\/wp\/v2\/product\/150\/revisions"}],"predecessor-version":[{"id":1111,"href":"https:\/\/0barreras.com\/en\/wp-json\/wp\/v2\/product\/150\/revisions\/1111"}],"wp:featuredmedia":[{"embeddable":true,"href":"https:\/\/0barreras.com\/en\/wp-json\/wp\/v2\/media\/156"}],"wp:attachment":[{"href":"https:\/\/0barreras.com\/en\/wp-json\/wp\/v2\/media?parent=150"}],"wp:term":[{"taxonomy":"product_cat","embeddable":true,"href":"https:\/\/0barreras.com\/en\/wp-json\/wp\/v2\/product_cat?post=150"},{"taxonomy":"product_tag","embeddable":true,"href":"https:\/\/0barreras.com\/en\/wp-json\/wp\/v2\/product_tag?post=150"}],"curies":[{"name":"wp","href":"https:\/\/api.w.org\/{rel}","templated":true}]}}