{"id":1453,"date":"2024-04-08T07:32:44","date_gmt":"2024-04-08T12:32:44","guid":{"rendered":"https:\/\/0barreras.com\/?post_type=product&#038;p=1453"},"modified":"2024-04-15T11:29:13","modified_gmt":"2024-04-15T16:29:13","slug":"atril-de-3-niveles-y-soporte-para-documentos","status":"publish","type":"product","link":"https:\/\/0barreras.com\/en\/product\/atril-de-3-niveles-y-soporte-para-documentos\/","title":{"rendered":"Base Antideslizante (Atril ) para Libros y Documentos: Soporte Seguro y Vers\u00e1til"},"content":{"rendered":"<p>Esta base antideslizante proporciona una soluci\u00f3n segura y estable para sostener libros, documentos o tabletas durante la lectura o el trabajo. Su dise\u00f1o robusto y construcci\u00f3n liviana garantizan un soporte confiable para libros de hasta 1.5&#8243; de grosor. Adem\u00e1s, los portap\u00e1ginas integrados mantienen las p\u00e1ginas planas para una lectura m\u00e1s c\u00f3moda. Si se utiliza para documentos, el clip extensible se ajusta f\u00e1cilmente a diferentes tama\u00f1os de papel. Con unas dimensiones de 11.5&#8243; x 8.5&#8243;, ofrece un tama\u00f1o generoso para acomodar una variedad de materiales de lectura o trabajo. Es importante tener en cuenta que este art\u00edculo no est\u00e1 disponible en negro.<\/p>","protected":false},"excerpt":{"rendered":"<p>La base antideslizante proporciona un soporte estable para libros, documentos o tabletas. Con un dise\u00f1o robusto y portap\u00e1ginas integrados, sostiene libros de hasta 1.5&#8243; de grosor. Incluye un clip extensible para documentos y mide 11.5&#8243; x 8.5&#8243;.<\/p>","protected":false},"featured_media":1454,"comment_status":"open","ping_status":"closed","template":"","meta":[],"product_cat":[18,104,22,106],"product_tag":[],"class_list":["post-1453","product","type-product","status-publish","has-post-thumbnail","hentry","product_cat-baja-vision","product_cat-dispositivos-para-el-apoyo-en-libros","product_cat-diversidad-visual","product_cat-soportes-para-libros"],"_links":{"self":[{"href":"https:\/\/0barreras.com\/en\/wp-json\/wp\/v2\/product\/1453","targetHints":{"allow":["GET"]}}],"collection":[{"href":"https:\/\/0barreras.com\/en\/wp-json\/wp\/v2\/product"}],"about":[{"href":"https:\/\/0barreras.com\/en\/wp-json\/wp\/v2\/types\/product"}],"replies":[{"embeddable":true,"href":"https:\/\/0barreras.com\/en\/wp-json\/wp\/v2\/comments?post=1453"}],"version-history":[{"count":1,"href":"https:\/\/0barreras.com\/en\/wp-json\/wp\/v2\/product\/1453\/revisions"}],"predecessor-version":[{"id":2060,"href":"https:\/\/0barreras.com\/en\/wp-json\/wp\/v2\/product\/1453\/revisions\/2060"}],"wp:featuredmedia":[{"embeddable":true,"href":"https:\/\/0barreras.com\/en\/wp-json\/wp\/v2\/media\/1454"}],"wp:attachment":[{"href":"https:\/\/0barreras.com\/en\/wp-json\/wp\/v2\/media?parent=1453"}],"wp:term":[{"taxonomy":"product_cat","embeddable":true,"href":"https:\/\/0barreras.com\/en\/wp-json\/wp\/v2\/product_cat?post=1453"},{"taxonomy":"product_tag","embeddable":true,"href":"https:\/\/0barreras.com\/en\/wp-json\/wp\/v2\/product_tag?post=1453"}],"curies":[{"name":"wp","href":"https:\/\/api.w.org\/{rel}","templated":true}]}}