{"id":1446,"date":"2024-04-08T07:24:44","date_gmt":"2024-04-08T12:24:44","guid":{"rendered":"https:\/\/0barreras.com\/?post_type=product&#038;p=1446"},"modified":"2024-06-04T14:34:49","modified_gmt":"2024-06-04T19:34:49","slug":"reproductor-de-audiolibros-para-ciegos-marca-milestone-312-ace","status":"publish","type":"product","link":"https:\/\/0barreras.com\/en\/product\/reproductor-de-audiolibros-para-ciegos-marca-milestone-312-ace\/","title":{"rendered":"Milestone 212 Ace: Reproductor Compacto de Audio y DAISY"},"content":{"rendered":"<p>El Milestone 212 Ace es un reproductor compacto de audio y DAISY dise\u00f1ado para brindar comodidad y accesibilidad en la lectura y la escucha de contenidos.<br \/>\nCon un tama\u00f1o que cabe en la palma de la mano y 6 botones t\u00e1ctiles simples, este dispositivo es f\u00e1cil de usar y transportar. Puede reproducir en voz alta libros descargados del Servicio Nacional de Bibliotecas (NLS), Audible.com y DAISY, as\u00ed como archivos de audio en MP3, WAV, WMA y iTunes AAC. Adem\u00e1s, permite tomar notas r\u00e1pidas y asistir a conferencias gracias a su funcionalidad de grabaci\u00f3n. Con una memoria interna de 2,5 GB y soporte para tarjetas SD o SDHC de hasta 32 GB, ofrece amplio espacio para almacenar contenido. La conectividad USB 2.0 permite la carga y la administraci\u00f3n de contenido desde una PC o Macintosh. Equipado con un altavoz de alta calidad y un conector para auriculares de 3,5 mm, ofrece una experiencia de audio inmersiva. La bater\u00eda recargable<br \/>\nde pol\u00edmero de litio proporciona hasta 15 horas de uso continuo con auriculares despu\u00e9s de una carga de 3 horas. Adem\u00e1s, cuenta con un micr\u00f3fono incorporado y un conector para micr\u00f3fono externo, as\u00ed como caracter\u00edsticas adicionales como marcadores, control de velocidad de lectura, bloqueo de teclado y modo de suspensi\u00f3n. El Milestone 212 Ace incluye un cord\u00f3n y una bolsa de tela para mayor portabilidad.<\/p>","protected":false},"excerpt":{"rendered":"<p>El Milestone 212 Ace es un reproductor compacto de audio y DAISY con 6 botones t\u00e1ctiles simples para facilitar su uso. Puede reproducir una variedad de formatos de audio, tomar notas r\u00e1pidas y asistir a conferencias. Con memoria interna de 2,5 GB y soporte para tarjetas SD de hasta 32 GB, ofrece amplio espacio de almacenamiento. Adem\u00e1s, cuenta con una bater\u00eda recargable de larga duraci\u00f3n y caracter\u00edsticas adicionales como marcadores y control de velocidad de lectura.<\/p>","protected":false},"featured_media":1447,"comment_status":"open","ping_status":"closed","template":"","meta":[],"product_cat":[18,104,22,186,105,182],"product_tag":[],"class_list":["post-1446","product","type-product","status-publish","has-post-thumbnail","hentry","product_cat-baja-vision","product_cat-dispositivos-para-el-apoyo-en-libros","product_cat-diversidad-visual","product_cat-lector-de-libros-digitales","product_cat-reproductores-de-audiolibros","product_cat-tecnologia-de-asistencia"],"_links":{"self":[{"href":"https:\/\/0barreras.com\/en\/wp-json\/wp\/v2\/product\/1446","targetHints":{"allow":["GET"]}}],"collection":[{"href":"https:\/\/0barreras.com\/en\/wp-json\/wp\/v2\/product"}],"about":[{"href":"https:\/\/0barreras.com\/en\/wp-json\/wp\/v2\/types\/product"}],"replies":[{"embeddable":true,"href":"https:\/\/0barreras.com\/en\/wp-json\/wp\/v2\/comments?post=1446"}],"version-history":[{"count":1,"href":"https:\/\/0barreras.com\/en\/wp-json\/wp\/v2\/product\/1446\/revisions"}],"predecessor-version":[{"id":2058,"href":"https:\/\/0barreras.com\/en\/wp-json\/wp\/v2\/product\/1446\/revisions\/2058"}],"wp:featuredmedia":[{"embeddable":true,"href":"https:\/\/0barreras.com\/en\/wp-json\/wp\/v2\/media\/1447"}],"wp:attachment":[{"href":"https:\/\/0barreras.com\/en\/wp-json\/wp\/v2\/media?parent=1446"}],"wp:term":[{"taxonomy":"product_cat","embeddable":true,"href":"https:\/\/0barreras.com\/en\/wp-json\/wp\/v2\/product_cat?post=1446"},{"taxonomy":"product_tag","embeddable":true,"href":"https:\/\/0barreras.com\/en\/wp-json\/wp\/v2\/product_tag?post=1446"}],"curies":[{"name":"wp","href":"https:\/\/api.w.org\/{rel}","templated":true}]}}