{"id":1444,"date":"2024-04-08T07:13:45","date_gmt":"2024-04-08T12:13:45","guid":{"rendered":"https:\/\/0barreras.com\/?post_type=product&#038;p=1444"},"modified":"2024-06-04T14:34:49","modified_gmt":"2024-06-04T19:34:49","slug":"reproductor-de-audio-para-tus-libros-marca-milestone-212-ace","status":"publish","type":"product","link":"https:\/\/0barreras.com\/en\/product\/reproductor-de-audio-para-tus-libros-marca-milestone-212-ace\/","title":{"rendered":"Entretenimiento y Navegaci\u00f3n en una Unidad Port\u00e1til marca Milestone 212 Ace"},"content":{"rendered":"<p>Si buscas un reproductor compacto de audio y DAISY, el Milestone 212 Ace es probablemente el dispositivo perfecto para ti. Cabe en la palma de la mano y tiene 6 botones t\u00e1ctiles simples para facilitar su uso. Puede leer en voz alta los libros descargados del Servicio Nacional de Bibliotecas (NLS), Audible.com y DAISY. Tambi\u00e9n puede retener y reproducir archivos de audio MP3, WAV, WMA y iTunes AAC. Tambi\u00e9n puede utilizar este Milestone 212 Ace para tomar notas r\u00e1pidas para s\u00ed mismo o para asistir a las conferencias.<br role=\"presentation\" data-uw-rm-sr=\"\" \/><br role=\"presentation\" data-uw-rm-sr=\"\" \/><strong>Funciones:<\/strong><\/p>\n<ul>\n<li style=\"list-style-type: none\">\n<ul>\n<li style=\"list-style-type: none\">\n<ul>\n<li>Memoria interna de 2,5 GB con soporte para una tarjeta SD o SDHC de hasta 32 GB.<\/li>\n<li>Conectividad USB 2.0 para cargar o para usar la administraci\u00f3n de contenido o carpetas en una PC o Macintosh.<\/li>\n<li>Altavoz de alta calidad y conector para auriculares de 3,5 mm.<\/li>\n<li>Funciona con una bater\u00eda recargable de pol\u00edmero de litio que tendr\u00e1 15 horas de uso (mientras usa auriculares) despu\u00e9s de una carga de bater\u00eda de 3 horas.<\/li>\n<li>Micr\u00f3fono incorporado y un conector de micr\u00f3fono de 3,5 mm para un micr\u00f3fono externo.<\/li>\n<li>Marcadores, control de velocidad de lectura, bloqueo de teclado y modo de suspensi\u00f3n.<\/li>\n<\/ul>\n<\/li>\n<\/ul>\n<\/li>\n<\/ul>\n<p><br role=\"presentation\" data-uw-rm-sr=\"\" \/>El Milestone 212 Ace viene con un cord\u00f3n y una bolsa de tela con cord\u00f3n. La unidad tiene un conector para auriculares\/aud\u00edfonos de 3,5 mm. Los auriculares no est\u00e1n incluidos.<\/p>","protected":false},"excerpt":{"rendered":"<p>El Humanware\u2122 Victor Reader Trek es una unidad port\u00e1til que combina un reproductor de libros parlantes con un GPS, proporcionando entretenimiento y navegaci\u00f3n en un solo dispositivo. Con funciones como la navegaci\u00f3n por GPS, acceso a audiolibros y podcasts, grabaci\u00f3n de notas de audio y m\u00e1s, ofrece una experiencia completa y vers\u00e1til para usuarios con discapacidades visuales o para aquellos que buscan conveniencia en la lectura y la navegaci\u00f3n.<\/p>","protected":false},"featured_media":1445,"comment_status":"open","ping_status":"closed","template":"","meta":[],"product_cat":[18,104,22,186,105,182],"product_tag":[],"class_list":["post-1444","product","type-product","status-publish","has-post-thumbnail","hentry","product_cat-baja-vision","product_cat-dispositivos-para-el-apoyo-en-libros","product_cat-diversidad-visual","product_cat-lector-de-libros-digitales","product_cat-reproductores-de-audiolibros","product_cat-tecnologia-de-asistencia"],"_links":{"self":[{"href":"https:\/\/0barreras.com\/en\/wp-json\/wp\/v2\/product\/1444","targetHints":{"allow":["GET"]}}],"collection":[{"href":"https:\/\/0barreras.com\/en\/wp-json\/wp\/v2\/product"}],"about":[{"href":"https:\/\/0barreras.com\/en\/wp-json\/wp\/v2\/types\/product"}],"replies":[{"embeddable":true,"href":"https:\/\/0barreras.com\/en\/wp-json\/wp\/v2\/comments?post=1444"}],"version-history":[{"count":1,"href":"https:\/\/0barreras.com\/en\/wp-json\/wp\/v2\/product\/1444\/revisions"}],"predecessor-version":[{"id":2057,"href":"https:\/\/0barreras.com\/en\/wp-json\/wp\/v2\/product\/1444\/revisions\/2057"}],"wp:featuredmedia":[{"embeddable":true,"href":"https:\/\/0barreras.com\/en\/wp-json\/wp\/v2\/media\/1445"}],"wp:attachment":[{"href":"https:\/\/0barreras.com\/en\/wp-json\/wp\/v2\/media?parent=1444"}],"wp:term":[{"taxonomy":"product_cat","embeddable":true,"href":"https:\/\/0barreras.com\/en\/wp-json\/wp\/v2\/product_cat?post=1444"},{"taxonomy":"product_tag","embeddable":true,"href":"https:\/\/0barreras.com\/en\/wp-json\/wp\/v2\/product_tag?post=1444"}],"curies":[{"name":"wp","href":"https:\/\/api.w.org\/{rel}","templated":true}]}}