{"id":1426,"date":"2024-04-08T01:42:36","date_gmt":"2024-04-08T06:42:36","guid":{"rendered":"https:\/\/0barreras.com\/?post_type=product&#038;p=1426"},"modified":"2024-05-13T07:49:17","modified_gmt":"2024-05-13T12:49:17","slug":"reproductor-de-audio-para-libros-con-gps-integrado-marca-victorreader-trek","status":"publish","type":"product","link":"https:\/\/0barreras.com\/en\/product\/reproductor-de-audio-para-libros-con-gps-integrado-marca-victorreader-trek\/","title":{"rendered":"Reproductor de audio para libros Humanware\u2122 Victor Reader Trek: Entretenimiento y Navegaci\u00f3n en una Unidad Port\u00e1til con gps integrado"},"content":{"rendered":"<p>El Humanware\u2122 Victor Reader Trek es una combinaci\u00f3n innovadora que integra un reproductor de libros parlantes Victor Reader Stream con un GPS parlante, todo en una unidad port\u00e1til y liviana. Con esta herramienta, el entretenimiento y la navegaci\u00f3n se fusionan de manera \u00fanica. Puedes disfrutar de audiolibros y podcasts mientras te desplazas, y al mismo tiempo recibir indicaciones vocales sobre tu ubicaci\u00f3n actual, direcci\u00f3n de viaje, pr\u00f3ximas intersecciones y m\u00e1s. Adem\u00e1s, puedes establecer etiquetas de referencia personalizadas para tus destinos frecuentes, lo que te permite volver instant\u00e1neamente a tu contenido favorito con solo presionar un bot\u00f3n. Con una amplia gama de funciones, desde navegaci\u00f3n GPS hasta acceso a contenido en l\u00ednea y grabaci\u00f3n de notas de audio, este dispositivo es una herramienta vers\u00e1til y completa para personas con discapacidades visuales o para aquellos que buscan una experiencia de lectura y navegaci\u00f3n sin igual. Conectividad Wi-Fi, puerto USB y una bater\u00eda de larga duraci\u00f3n hacen que el Victor Reader Trek sea la elecci\u00f3n ideal para quienes buscan comodidad y accesibilidad en un solo dispositivo.<\/p>","protected":false},"excerpt":{"rendered":"<p>El Humanware\u2122 Victor Reader Trek es una unidad port\u00e1til que combina un reproductor de libros parlantes con un GPS, proporcionando entretenimiento y navegaci\u00f3n en un solo dispositivo. Con funciones como la navegaci\u00f3n por GPS, acceso a audiolibros y podcasts, grabaci\u00f3n de notas de audio y m\u00e1s, ofrece una experiencia completa y vers\u00e1til para usuarios con discapacidades visuales o para aquellos que buscan conveniencia en la lectura y la navegaci\u00f3n.<\/p>","protected":false},"featured_media":1427,"comment_status":"open","ping_status":"closed","template":"","meta":[],"product_cat":[175,18,167,104,22,166,105],"product_tag":[],"class_list":["post-1426","product","type-product","status-publish","has-post-thumbnail","hentry","product_cat-ayudas-a-la-movilidad","product_cat-baja-vision","product_cat-bastones-y-movilidad","product_cat-dispositivos-para-el-apoyo-en-libros","product_cat-diversidad-visual","product_cat-movilidad","product_cat-reproductores-de-audiolibros"],"_links":{"self":[{"href":"https:\/\/0barreras.com\/en\/wp-json\/wp\/v2\/product\/1426","targetHints":{"allow":["GET"]}}],"collection":[{"href":"https:\/\/0barreras.com\/en\/wp-json\/wp\/v2\/product"}],"about":[{"href":"https:\/\/0barreras.com\/en\/wp-json\/wp\/v2\/types\/product"}],"replies":[{"embeddable":true,"href":"https:\/\/0barreras.com\/en\/wp-json\/wp\/v2\/comments?post=1426"}],"version-history":[{"count":1,"href":"https:\/\/0barreras.com\/en\/wp-json\/wp\/v2\/product\/1426\/revisions"}],"predecessor-version":[{"id":2056,"href":"https:\/\/0barreras.com\/en\/wp-json\/wp\/v2\/product\/1426\/revisions\/2056"}],"wp:featuredmedia":[{"embeddable":true,"href":"https:\/\/0barreras.com\/en\/wp-json\/wp\/v2\/media\/1427"}],"wp:attachment":[{"href":"https:\/\/0barreras.com\/en\/wp-json\/wp\/v2\/media?parent=1426"}],"wp:term":[{"taxonomy":"product_cat","embeddable":true,"href":"https:\/\/0barreras.com\/en\/wp-json\/wp\/v2\/product_cat?post=1426"},{"taxonomy":"product_tag","embeddable":true,"href":"https:\/\/0barreras.com\/en\/wp-json\/wp\/v2\/product_tag?post=1426"}],"curies":[{"name":"wp","href":"https:\/\/api.w.org\/{rel}","templated":true}]}}