{"id":1396,"date":"2024-04-07T05:42:50","date_gmt":"2024-04-07T10:42:50","guid":{"rendered":"https:\/\/0barreras.com\/?post_type=product&#038;p=1396"},"modified":"2024-06-18T02:13:14","modified_gmt":"2024-06-18T07:13:14","slug":"reloj-despertador-parlante-y-vibrador-para-viajar-marca-ila","status":"publish","type":"product","link":"https:\/\/0barreras.com\/en\/product\/reloj-despertador-parlante-y-vibrador-para-viajar-marca-ila\/","title":{"rendered":"Reloj despertador parlante y vibrador para viajar Marca ila"},"content":{"rendered":"<p>Este peque\u00f1o reloj despertador de viaje alimentado por bater\u00eda tiene una funci\u00f3n de conversaci\u00f3n y una alarma audible y de vibraci\u00f3n. Puede decir la hora, el d\u00eda, el mes, la semana y el a\u00f1o con una voz masculina. Incluye un temporizador de cuenta regresiva que se puede configurar para que solo vibre. consta de 3 botones simples, modo, configuraci\u00f3n y fecha.<br role=\"presentation\" data-uw-rm-sr=\"\" \/><br role=\"presentation\" data-uw-rm-sr=\"\" \/>Mide 3.5&#8243; x 2.5&#8243;. Requiere 2 pilas AAA (no incluidas).<\/p>","protected":false},"excerpt":{"rendered":"<p>Este peque\u00f1o reloj despertador de viaje alimentado por bater\u00eda tiene una funci\u00f3n de conversaci\u00f3n y una alarma audible y de vibraci\u00f3n. Puede decir la hora, el d\u00eda, el mes, la semana y el a\u00f1o con una voz masculina.<\/p>","protected":false},"featured_media":1400,"comment_status":"open","ping_status":"closed","template":"","meta":[],"product_cat":[18,21,22,65,227,192,100,229,97,96],"product_tag":[],"class_list":["post-1396","product","type-product","status-publish","has-post-thumbnail","hentry","product_cat-baja-vision","product_cat-diversidad-auditiva","product_cat-diversidad-visual","product_cat-ila","product_cat-productos-parlantes","product_cat-relojes-diversidad-auditiva","product_cat-relojes-de-viaje","product_cat-relojes-parlantes-productos-parlantes","product_cat-relojes-parlantes-relojes-y-temporizadores","product_cat-relojes-y-temporizadores"],"_links":{"self":[{"href":"https:\/\/0barreras.com\/en\/wp-json\/wp\/v2\/product\/1396","targetHints":{"allow":["GET"]}}],"collection":[{"href":"https:\/\/0barreras.com\/en\/wp-json\/wp\/v2\/product"}],"about":[{"href":"https:\/\/0barreras.com\/en\/wp-json\/wp\/v2\/types\/product"}],"replies":[{"embeddable":true,"href":"https:\/\/0barreras.com\/en\/wp-json\/wp\/v2\/comments?post=1396"}],"version-history":[{"count":0,"href":"https:\/\/0barreras.com\/en\/wp-json\/wp\/v2\/product\/1396\/revisions"}],"wp:featuredmedia":[{"embeddable":true,"href":"https:\/\/0barreras.com\/en\/wp-json\/wp\/v2\/media\/1400"}],"wp:attachment":[{"href":"https:\/\/0barreras.com\/en\/wp-json\/wp\/v2\/media?parent=1396"}],"wp:term":[{"taxonomy":"product_cat","embeddable":true,"href":"https:\/\/0barreras.com\/en\/wp-json\/wp\/v2\/product_cat?post=1396"},{"taxonomy":"product_tag","embeddable":true,"href":"https:\/\/0barreras.com\/en\/wp-json\/wp\/v2\/product_tag?post=1396"}],"curies":[{"name":"wp","href":"https:\/\/api.w.org\/{rel}","templated":true}]}}