{"id":1386,"date":"2024-04-06T17:23:48","date_gmt":"2024-04-06T22:23:48","guid":{"rendered":"https:\/\/0barreras.com\/?post_type=product&#038;p=1386"},"modified":"2024-04-16T19:07:58","modified_gmt":"2024-04-17T00:07:58","slug":"reloj-despertador-con-pantalla-led-rojo","status":"publish","type":"product","link":"https:\/\/0barreras.com\/en\/product\/reloj-despertador-con-pantalla-led-rojo\/","title":{"rendered":"Reloj despertador El\u00e9ctrico LED: Lectura F\u00e1cil para Baja Visi\u00f3n"},"content":{"rendered":"<p>Este reloj el\u00e9ctrico es una soluci\u00f3n perfecta para las personas con baja visi\u00f3n, gracias a sus d\u00edgitos LED rojos grandes y audaces de 2&#8243; de alto. Estos n\u00fameros destacan claramente sobre la pantalla, facilitando la lectura de la hora en todo momento. En comparaci\u00f3n con los n\u00fameros grises de las pantallas LCD tradicionales, los n\u00fameros LED son considerablemente m\u00e1s f\u00e1ciles de ver. Adem\u00e1s, el reloj est\u00e1 equipado con la innovadora tecnolog\u00eda Set &amp; Forget, que permite que se ajuste autom\u00e1ticamente durante el cambio de horario de verano, eliminando as\u00ed la necesidad de realizar ajustes manuales complicados. Esto hace que el reloj sea a\u00fan m\u00e1s accesible y f\u00e1cil de usar para personas con baja visi\u00f3n. Con dimensiones de 7.1&#8243; x 3.3&#8243; x 2.7&#8243;, este reloj est\u00e1 dise\u00f1ado para adaptarse f\u00e1cilmente<br \/>\na cualquier mesita de noche o mesita auxiliar, asegurando su conveniencia en cualquier espacio.<\/p>","protected":false},"excerpt":{"rendered":"<p>El reloj el\u00e9ctrico presenta d\u00edgitos LED rojos grandes de 2&#8243; de alto para facilitar la lectura para personas con baja visi\u00f3n. La tecnolog\u00eda Set &amp; Forget<br \/>\npermite ajustes autom\u00e1ticos para el horario de verano. Con un dise\u00f1o compacto, es perfecto para mesitas de noche.<\/p>","protected":false},"featured_media":1387,"comment_status":"open","ping_status":"closed","template":"","meta":[],"product_cat":[18,22,99,96],"product_tag":[],"class_list":["post-1386","product","type-product","status-publish","has-post-thumbnail","hentry","product_cat-baja-vision","product_cat-diversidad-visual","product_cat-relojes-de-escritorio","product_cat-relojes-y-temporizadores"],"_links":{"self":[{"href":"https:\/\/0barreras.com\/en\/wp-json\/wp\/v2\/product\/1386","targetHints":{"allow":["GET"]}}],"collection":[{"href":"https:\/\/0barreras.com\/en\/wp-json\/wp\/v2\/product"}],"about":[{"href":"https:\/\/0barreras.com\/en\/wp-json\/wp\/v2\/types\/product"}],"replies":[{"embeddable":true,"href":"https:\/\/0barreras.com\/en\/wp-json\/wp\/v2\/comments?post=1386"}],"version-history":[{"count":1,"href":"https:\/\/0barreras.com\/en\/wp-json\/wp\/v2\/product\/1386\/revisions"}],"predecessor-version":[{"id":2080,"href":"https:\/\/0barreras.com\/en\/wp-json\/wp\/v2\/product\/1386\/revisions\/2080"}],"wp:featuredmedia":[{"embeddable":true,"href":"https:\/\/0barreras.com\/en\/wp-json\/wp\/v2\/media\/1387"}],"wp:attachment":[{"href":"https:\/\/0barreras.com\/en\/wp-json\/wp\/v2\/media?parent=1386"}],"wp:term":[{"taxonomy":"product_cat","embeddable":true,"href":"https:\/\/0barreras.com\/en\/wp-json\/wp\/v2\/product_cat?post=1386"},{"taxonomy":"product_tag","embeddable":true,"href":"https:\/\/0barreras.com\/en\/wp-json\/wp\/v2\/product_tag?post=1386"}],"curies":[{"name":"wp","href":"https:\/\/api.w.org\/{rel}","templated":true}]}}