{"id":1368,"date":"2024-04-06T06:11:35","date_gmt":"2024-04-06T11:11:35","guid":{"rendered":"https:\/\/0barreras.com\/?post_type=product&#038;p=1368"},"modified":"2024-06-18T02:13:15","modified_gmt":"2024-06-18T07:13:15","slug":"reloj-atomico-parlante-con-termometro-inalambrico-marca-ila","status":"publish","type":"product","link":"https:\/\/0barreras.com\/en\/product\/reloj-atomico-parlante-con-termometro-inalambrico-marca-ila\/","title":{"rendered":"Reloj At\u00f3mico Parlante Ila: Voz Clara, Pantalla Grande y Sensor de Temperatura"},"content":{"rendered":"<div class=\"productView thumbnail-unclicked\" data-event-type=\"product\" data-entity-id=\"851\" data-name=\"Male Voice Talking Clock with Musical Alarm\" data-product-category=\"Vision\/Clocks &amp; Timers\/Desk Clocks, Vision\/Clocks &amp; Timers\/Talking Clocks, Talking Products\/Talking Clocks and Watches, Sale Items\" data-product-brand=\"\" data-product-price=\"11.95\" data-product-variant=\"single-product-option\">\n<article class=\"productView-description\">\n<div class=\"tabs-contents\">\n<div id=\"tab-description\" class=\"tab-content overview is-active\">\n<div class=\"productView thumbnail-unclicked\" data-event-type=\"product\" data-entity-id=\"849\" data-name=\"CAN-CAN Talking Cube Clock Gray\/Yellow\" data-product-category=\"Vision\/Clocks &amp; Timers\/Desk Clocks, Vision\/Clocks &amp; Timers\/Talking Clocks\" data-product-brand=\"\" data-product-price=\"49.95\" data-product-variant=\"single-product-option\">\n<article class=\"productView-description\">\n<div class=\"tabs-contents\">\n<p>Este extraordinario reloj at\u00f3mico parlante incluye las caracter\u00edsticas m\u00e1s importantes que necesitas para mantenerte en el buen camino todo el d\u00eda. Puedes configurarlo de muchas maneras y anunciar\u00e1 cada hora o la temperatura. Para aquellos con algo de visi\u00f3n, la hora y la fecha se muestra en numeros grandes.<\/p>\n<p><strong>Caracter\u00edsticas<\/strong>:<\/p>\n<ul>\n<li>Una voz femenina clara dice la hora, la fecha, la configuraci\u00f3n de la alarma, la temperatura interior y exterior<\/li>\n<li>La luz de fondo se enciende cuando se presiona el BOT\u00d3N DE VOZ\/LUZ<\/li>\n<li>El reloj mide 8&#8243; x 4.75&#8243; x 2&#8243; y requiere 2 pilas AA, no incluidas<\/li>\n<li>el sensor de temperatura inal\u00e1mbrico mide 2,25&#8243; x 3&#8243; y utiliza 2 pilas AAA, no incluidas<\/li>\n<\/ul>\n<\/div>\n<\/article>\n<\/div>\n<\/div>\n<\/div>\n<\/article>\n<\/div>\n<div class=\"related recommended products-section\"><\/div>","protected":false},"excerpt":{"rendered":"<p>Este extraordinario reloj at\u00f3mico parlante incluye las caracter\u00edsticas m\u00e1s importantes que necesitas para mantenerte en el buen camino todo el d\u00eda.<\/p>","protected":false},"featured_media":1369,"comment_status":"open","ping_status":"closed","template":"","meta":[],"product_cat":[18,22,227,87,99,229,97,96],"product_tag":[],"class_list":["post-1368","product","type-product","status-publish","has-post-thumbnail","hentry","product_cat-baja-vision","product_cat-diversidad-visual","product_cat-productos-parlantes","product_cat-relojes-atomicos","product_cat-relojes-de-escritorio","product_cat-relojes-parlantes-productos-parlantes","product_cat-relojes-parlantes-relojes-y-temporizadores","product_cat-relojes-y-temporizadores"],"_links":{"self":[{"href":"https:\/\/0barreras.com\/en\/wp-json\/wp\/v2\/product\/1368","targetHints":{"allow":["GET"]}}],"collection":[{"href":"https:\/\/0barreras.com\/en\/wp-json\/wp\/v2\/product"}],"about":[{"href":"https:\/\/0barreras.com\/en\/wp-json\/wp\/v2\/types\/product"}],"replies":[{"embeddable":true,"href":"https:\/\/0barreras.com\/en\/wp-json\/wp\/v2\/comments?post=1368"}],"version-history":[{"count":1,"href":"https:\/\/0barreras.com\/en\/wp-json\/wp\/v2\/product\/1368\/revisions"}],"predecessor-version":[{"id":2076,"href":"https:\/\/0barreras.com\/en\/wp-json\/wp\/v2\/product\/1368\/revisions\/2076"}],"wp:featuredmedia":[{"embeddable":true,"href":"https:\/\/0barreras.com\/en\/wp-json\/wp\/v2\/media\/1369"}],"wp:attachment":[{"href":"https:\/\/0barreras.com\/en\/wp-json\/wp\/v2\/media?parent=1368"}],"wp:term":[{"taxonomy":"product_cat","embeddable":true,"href":"https:\/\/0barreras.com\/en\/wp-json\/wp\/v2\/product_cat?post=1368"},{"taxonomy":"product_tag","embeddable":true,"href":"https:\/\/0barreras.com\/en\/wp-json\/wp\/v2\/product_tag?post=1368"}],"curies":[{"name":"wp","href":"https:\/\/api.w.org\/{rel}","templated":true}]}}