{"id":1325,"date":"2024-04-05T08:10:08","date_gmt":"2024-04-05T13:10:08","guid":{"rendered":"https:\/\/0barreras.com\/?post_type=product&#038;p=1325"},"modified":"2024-06-18T02:31:00","modified_gmt":"2024-06-18T07:31:00","slug":"reloj-parlante-en-forma-de-piramide","status":"publish","type":"product","link":"https:\/\/0barreras.com\/en\/product\/reloj-parlante-en-forma-de-piramide\/","title":{"rendered":"Reloj Triangular con Voz y Alarmas &#8211; Sin Anuncio Horario"},"content":{"rendered":"<p>Este reloj triangular \u00fanico ofrece una experiencia de usuario intuitiva para personas con discapacidad visual. Simplemente pulsando la parte superior, una voz femenina clara informa la hora de manera audible. Adem\u00e1s, este reloj cuenta con m\u00faltiples opciones de alarma, como un gallo, un bip-bip o un cuco, con 3 niveles de volumen para despertarse c\u00f3modamente. Funciona con 4 pilas AA (no incluidas) y presenta una pantalla de cristal l\u00edquido que se ajusta f\u00e1cilmente sin necesidad de visi\u00f3n. Es importante destacar que este reloj no tiene un anuncio cada hora.<\/p>","protected":false},"excerpt":{"rendered":"<p>Reloj triangular con voz femenina para hora y alarma. Opciones de alarma con 3 niveles de volumen. Funciona con 4 pilas AA (no incluidas) y pantalla de cristal l\u00edquido ajustable sin visi\u00f3n. Sin anuncio cada hora.<\/p>","protected":false},"featured_media":1326,"comment_status":"open","ping_status":"closed","template":"","meta":[],"product_cat":[18,22,227,99,229,97,96],"product_tag":[],"class_list":["post-1325","product","type-product","status-publish","has-post-thumbnail","hentry","product_cat-baja-vision","product_cat-diversidad-visual","product_cat-productos-parlantes","product_cat-relojes-de-escritorio","product_cat-relojes-parlantes-productos-parlantes","product_cat-relojes-parlantes-relojes-y-temporizadores","product_cat-relojes-y-temporizadores"],"_links":{"self":[{"href":"https:\/\/0barreras.com\/en\/wp-json\/wp\/v2\/product\/1325","targetHints":{"allow":["GET"]}}],"collection":[{"href":"https:\/\/0barreras.com\/en\/wp-json\/wp\/v2\/product"}],"about":[{"href":"https:\/\/0barreras.com\/en\/wp-json\/wp\/v2\/types\/product"}],"replies":[{"embeddable":true,"href":"https:\/\/0barreras.com\/en\/wp-json\/wp\/v2\/comments?post=1325"}],"version-history":[{"count":1,"href":"https:\/\/0barreras.com\/en\/wp-json\/wp\/v2\/product\/1325\/revisions"}],"predecessor-version":[{"id":2069,"href":"https:\/\/0barreras.com\/en\/wp-json\/wp\/v2\/product\/1325\/revisions\/2069"}],"wp:featuredmedia":[{"embeddable":true,"href":"https:\/\/0barreras.com\/en\/wp-json\/wp\/v2\/media\/1326"}],"wp:attachment":[{"href":"https:\/\/0barreras.com\/en\/wp-json\/wp\/v2\/media?parent=1325"}],"wp:term":[{"taxonomy":"product_cat","embeddable":true,"href":"https:\/\/0barreras.com\/en\/wp-json\/wp\/v2\/product_cat?post=1325"},{"taxonomy":"product_tag","embeddable":true,"href":"https:\/\/0barreras.com\/en\/wp-json\/wp\/v2\/product_tag?post=1325"}],"curies":[{"name":"wp","href":"https:\/\/api.w.org\/{rel}","templated":true}]}}