{"id":1323,"date":"2024-04-05T08:08:10","date_gmt":"2024-04-05T13:08:10","guid":{"rendered":"https:\/\/0barreras.com\/?post_type=product&#038;p=1323"},"modified":"2024-06-18T02:13:15","modified_gmt":"2024-06-18T07:13:15","slug":"reloj-parlante-con-boton-grande-para-hablar","status":"publish","type":"product","link":"https:\/\/0barreras.com\/en\/product\/reloj-parlante-con-boton-grande-para-hablar\/","title":{"rendered":"Reloj parlante de Escritorio Digital para Visi\u00f3n Baja"},"content":{"rendered":"<p>Este peque\u00f1o reloj de escritorio es una herramienta \u00fatil para personas con problemas de visi\u00f3n. Con n\u00fameros digitales f\u00e1ciles de ver, ofrece una visualizaci\u00f3n clara de la hora. Su dise\u00f1o en color negro incluye un bot\u00f3n grande de color aguamarina, que al presionarse, activa una voz femenina clara que anuncia la hora. Adem\u00e1s de la alarma que emite un pitido, este reloj ofrece la opci\u00f3n de un anuncio opcional de la hora y control de volumen alto y bajo para adaptarse a las necesidades individuales. Con unas dimensiones de 4.7 pulgadas x 3.5 x 1.75, funciona con 2 pilas AA (no incluidas).<\/p>","protected":false},"excerpt":{"rendered":"<p>Reloj de escritorio con n\u00fameros digitales f\u00e1ciles de ver. Bot\u00f3n grande para escuchar la hora con voz femenina clara. Alarma con pitido, anuncio opcional de la hora y control de volumen. Requiere 2 pilas AA (no incluidas).<\/p>","protected":false},"featured_media":1324,"comment_status":"open","ping_status":"closed","template":"","meta":[],"product_cat":[18,22,227,99,229,97,96],"product_tag":[],"class_list":["post-1323","product","type-product","status-publish","has-post-thumbnail","hentry","product_cat-baja-vision","product_cat-diversidad-visual","product_cat-productos-parlantes","product_cat-relojes-de-escritorio","product_cat-relojes-parlantes-productos-parlantes","product_cat-relojes-parlantes-relojes-y-temporizadores","product_cat-relojes-y-temporizadores"],"_links":{"self":[{"href":"https:\/\/0barreras.com\/en\/wp-json\/wp\/v2\/product\/1323","targetHints":{"allow":["GET"]}}],"collection":[{"href":"https:\/\/0barreras.com\/en\/wp-json\/wp\/v2\/product"}],"about":[{"href":"https:\/\/0barreras.com\/en\/wp-json\/wp\/v2\/types\/product"}],"replies":[{"embeddable":true,"href":"https:\/\/0barreras.com\/en\/wp-json\/wp\/v2\/comments?post=1323"}],"version-history":[{"count":1,"href":"https:\/\/0barreras.com\/en\/wp-json\/wp\/v2\/product\/1323\/revisions"}],"predecessor-version":[{"id":2068,"href":"https:\/\/0barreras.com\/en\/wp-json\/wp\/v2\/product\/1323\/revisions\/2068"}],"wp:featuredmedia":[{"embeddable":true,"href":"https:\/\/0barreras.com\/en\/wp-json\/wp\/v2\/media\/1324"}],"wp:attachment":[{"href":"https:\/\/0barreras.com\/en\/wp-json\/wp\/v2\/media?parent=1323"}],"wp:term":[{"taxonomy":"product_cat","embeddable":true,"href":"https:\/\/0barreras.com\/en\/wp-json\/wp\/v2\/product_cat?post=1323"},{"taxonomy":"product_tag","embeddable":true,"href":"https:\/\/0barreras.com\/en\/wp-json\/wp\/v2\/product_tag?post=1323"}],"curies":[{"name":"wp","href":"https:\/\/api.w.org\/{rel}","templated":true}]}}