{"id":1309,"date":"2024-04-05T07:49:18","date_gmt":"2024-04-05T12:49:18","guid":{"rendered":"https:\/\/0barreras.com\/?post_type=product&#038;p=1309"},"modified":"2024-06-18T02:13:16","modified_gmt":"2024-06-18T07:13:16","slug":"reloj-parlante-de-boton-extra-grande-en-espanol","status":"publish","type":"product","link":"https:\/\/0barreras.com\/en\/product\/reloj-parlante-de-boton-extra-grande-en-espanol\/","title":{"rendered":"Reloj parlante de bot\u00f3n extra grande en espa\u00f1ol"},"content":{"rendered":"<p>Este reloj tiene un bot\u00f3n enorme que lo hace muy practico para personas con ceguera o baja visi\u00f3n, indicando la hora con cada pulsaci\u00f3n.<\/p>\n<p>Puede hablar la hora, la fecha y tiene ajustes de alarma con voz masculina.<\/p>\n<p>Los botones para configurar el reloj estan en la parte inferior por la conveniencia de que sean dificiles de pulsar por error.<\/p>\n<p>Requiere 3 pilas AAA (NI) &#8211; Solo en espa\u00f1ol.<\/p>","protected":false},"excerpt":{"rendered":"<p>Este reloj tiene un bot\u00f3n enorme que lo hace muy practico para personas con ceguera o baja visi\u00f3n, indicando la hora con cada pulsaci\u00f3n.<\/p>","protected":false},"featured_media":1310,"comment_status":"open","ping_status":"closed","template":"","meta":[],"product_cat":[18,22,227,97,229,96],"product_tag":[],"class_list":["post-1309","product","type-product","status-publish","has-post-thumbnail","hentry","product_cat-baja-vision","product_cat-diversidad-visual","product_cat-productos-parlantes","product_cat-relojes-parlantes-relojes-y-temporizadores","product_cat-relojes-parlantes-productos-parlantes","product_cat-relojes-y-temporizadores"],"_links":{"self":[{"href":"https:\/\/0barreras.com\/en\/wp-json\/wp\/v2\/product\/1309","targetHints":{"allow":["GET"]}}],"collection":[{"href":"https:\/\/0barreras.com\/en\/wp-json\/wp\/v2\/product"}],"about":[{"href":"https:\/\/0barreras.com\/en\/wp-json\/wp\/v2\/types\/product"}],"replies":[{"embeddable":true,"href":"https:\/\/0barreras.com\/en\/wp-json\/wp\/v2\/comments?post=1309"}],"version-history":[{"count":0,"href":"https:\/\/0barreras.com\/en\/wp-json\/wp\/v2\/product\/1309\/revisions"}],"wp:featuredmedia":[{"embeddable":true,"href":"https:\/\/0barreras.com\/en\/wp-json\/wp\/v2\/media\/1310"}],"wp:attachment":[{"href":"https:\/\/0barreras.com\/en\/wp-json\/wp\/v2\/media?parent=1309"}],"wp:term":[{"taxonomy":"product_cat","embeddable":true,"href":"https:\/\/0barreras.com\/en\/wp-json\/wp\/v2\/product_cat?post=1309"},{"taxonomy":"product_tag","embeddable":true,"href":"https:\/\/0barreras.com\/en\/wp-json\/wp\/v2\/product_tag?post=1309"}],"curies":[{"name":"wp","href":"https:\/\/api.w.org\/{rel}","templated":true}]}}