{"id":1306,"date":"2024-04-05T07:45:42","date_gmt":"2024-04-05T12:45:42","guid":{"rendered":"https:\/\/0barreras.com\/?post_type=product&#038;p=1306"},"modified":"2024-06-18T02:13:16","modified_gmt":"2024-06-18T07:13:16","slug":"reloj-de-sobremesa-analogico-atomico-parlante","status":"publish","type":"product","link":"https:\/\/0barreras.com\/en\/product\/reloj-de-sobremesa-analogico-atomico-parlante\/","title":{"rendered":"Reloj de sobremesa anal\u00f3gico at\u00f3mico parlante"},"content":{"rendered":"<p>Un reloj at\u00f3mico es una herramienta maravillosa para una persona con baja visi\u00f3n, porque el reloj se ajusta autom\u00e1ticamente, tanto despu\u00e9s de un cambio de bater\u00eda como despu\u00e9s de un cambio de horario de verano. Este reloj at\u00f3mico parlante tiene una cara anal\u00f3gica agradable y f\u00e1cil de ver con n\u00fameros grandes y en negrita y una pantalla retroiluminada en blanco. Con una voz clara, el reloj marca tanto la hora como la fecha con solo presionar el bot\u00f3n superior, con la opci\u00f3n de una voz femenina o masculina. El reloj tambi\u00e9n tiene una alarma parlante, con una selecci\u00f3n de 5 sonidos de alarma. Todos los botones de configuraci\u00f3n son grandes y t\u00e1ctiles, lo que facilita su configuraci\u00f3n. El reloj puede funcionar en 4 zonas horarias principales de EE. UU.: Este, Central, Monta\u00f1a y Pac\u00edfico.<\/p>\n<p>Funciones<\/p>\n<ul>\n<li>Controlado por radio:\u00a0Recibe se\u00f1ales de forma autom\u00e1tica o manual<\/li>\n<li>Dice la hora, el d\u00eda y la fecha<\/li>\n<li>Voz femenina o masculina<\/li>\n<li>5 conjuntos de alarmas, con 3 oportunidades de repetici\u00f3n por alarma<\/li>\n<li>5 opciones de sonido de alarma<\/li>\n<li>Timbre opcional por hora (de 7 a.m. a 8 p.m.)<\/li>\n<li>Recordatorio de voz de bater\u00eda baja<\/li>\n<li>5 segundos de retroiluminaci\u00f3n LED<\/li>\n<li>Volumen ajustable<\/li>\n<li>Admite 4 zonas horarias principales de EE. UU.<\/li>\n<li>Ahorro de energ\u00eda: el segundero deja de moverse entre la medianoche y las 6 a.m.<\/li>\n<li>Utiliza 2 pilas AA &#8211; no incluidas<\/li>\n<\/ul>","protected":false},"excerpt":{"rendered":"<p>Un reloj at\u00f3mico es una herramienta maravillosa para una persona con baja visi\u00f3n, porque el reloj se ajusta autom\u00e1ticamente, tanto despu\u00e9s de un cambio de bater\u00eda como despu\u00e9s de un cambio de horario de verano.<\/p>","protected":false},"featured_media":1307,"comment_status":"open","ping_status":"closed","template":"","meta":[],"product_cat":[18,22,227,97,229,96],"product_tag":[],"class_list":["post-1306","product","type-product","status-publish","has-post-thumbnail","hentry","product_cat-baja-vision","product_cat-diversidad-visual","product_cat-productos-parlantes","product_cat-relojes-parlantes-relojes-y-temporizadores","product_cat-relojes-parlantes-productos-parlantes","product_cat-relojes-y-temporizadores"],"_links":{"self":[{"href":"https:\/\/0barreras.com\/en\/wp-json\/wp\/v2\/product\/1306","targetHints":{"allow":["GET"]}}],"collection":[{"href":"https:\/\/0barreras.com\/en\/wp-json\/wp\/v2\/product"}],"about":[{"href":"https:\/\/0barreras.com\/en\/wp-json\/wp\/v2\/types\/product"}],"replies":[{"embeddable":true,"href":"https:\/\/0barreras.com\/en\/wp-json\/wp\/v2\/comments?post=1306"}],"version-history":[{"count":0,"href":"https:\/\/0barreras.com\/en\/wp-json\/wp\/v2\/product\/1306\/revisions"}],"wp:featuredmedia":[{"embeddable":true,"href":"https:\/\/0barreras.com\/en\/wp-json\/wp\/v2\/media\/1307"}],"wp:attachment":[{"href":"https:\/\/0barreras.com\/en\/wp-json\/wp\/v2\/media?parent=1306"}],"wp:term":[{"taxonomy":"product_cat","embeddable":true,"href":"https:\/\/0barreras.com\/en\/wp-json\/wp\/v2\/product_cat?post=1306"},{"taxonomy":"product_tag","embeddable":true,"href":"https:\/\/0barreras.com\/en\/wp-json\/wp\/v2\/product_tag?post=1306"}],"curies":[{"name":"wp","href":"https:\/\/api.w.org\/{rel}","templated":true}]}}