{"id":1294,"date":"2024-04-05T07:27:36","date_gmt":"2024-04-05T12:27:36","guid":{"rendered":"https:\/\/0barreras.com\/?post_type=product&#038;p=1294"},"modified":"2024-04-05T07:31:49","modified_gmt":"2024-04-05T12:31:49","slug":"reloj-tactil-con-correa-de-malla-marca-bradley","status":"publish","type":"product","link":"https:\/\/0barreras.com\/en\/product\/reloj-tactil-con-correa-de-malla-marca-bradley\/","title":{"rendered":"Reloj t\u00e1ctil con correa de malla Marca Bradley"},"content":{"rendered":"<div class=\"productView thumbnail-unclicked\" data-event-type=\"product\" data-entity-id=\"1147\" data-name=\"Magnetic Tactile Watch with Brown Leather Band\" data-product-category=\"Vision\/Braille\/Watches, Clocks &amp; Timers, Vision\/Watches\/Braille Watches\" data-product-brand=\"\" data-product-price=\"115.95\" data-product-variant=\"single-product-option\">\n<article class=\"productView-description\">\n<div class=\"tabs-contents\">\n<div id=\"tab-description\" class=\"tab-content overview is-active\">\n<div class=\"productView thumbnail-unclicked\" data-event-type=\"product\" data-entity-id=\"1147\" data-name=\"Magnetic Tactile Watch with Brown Leather Band\" data-product-category=\"Vision\/Braille\/Watches, Clocks &amp; Timers, Vision\/Watches\/Braille Watches\" data-product-brand=\"\" data-product-price=\"115.95\" data-product-variant=\"single-product-option\">\n<article class=\"productView-description\">\n<div class=\"tabs-contents\">\n<div id=\"tab-description\" class=\"tab-content overview is-active\">\n<p>Este reloj t\u00e1ctil elegante y \u00fanico tiene una increible calidad en cuanto al dise\u00f1o y los materiales. El Bradley no tiene cubierta de cristal. Tiene una cara y un marco de titanio robusto y elegante. La esfera redonda presenta marcas t\u00e1ctiles diferentes y distintas para las diferentes marcas horarias. La esfera del centro marcar\u00eda los minutos y la esfera exterior marcar\u00eda las horas.<br role=\"presentation\" data-uw-rm-sr=\"\" \/><br role=\"presentation\" data-uw-rm-sr=\"\" \/>El Bradley es resistente al agua y a los golpes y soportar\u00e1 f\u00e1cilmente salpicaduras o breves inmersiones en agua, como quedar atrapado bajo la lluvia o lavarse las manos. Sin embargo, no es lo suficientemente resistente para la inmersi\u00f3n, los deportes acu\u00e1ticos, la nataci\u00f3n o el ba\u00f1o. Adem\u00e1s, este reloj no est\u00e1 dise\u00f1ado para ser usado durante deportes de actividad de alto nivel.<br role=\"presentation\" data-uw-rm-sr=\"\" \/>La cara del reloj unisex mide 1,6&#8243; pulgadas de ancho y tiene una correa de malla de acero inoxidable.<\/p>\n<p>Se adapta a mu\u00f1ecas de 6&#8243; a 8&#8243; de circunferencia.<\/p>\n<\/div>\n<\/div>\n<div class=\"clear\"><\/div>\n<\/article>\n<\/div>\n<div class=\"related recommended products-section\"><\/div>\n<\/div>\n<div class=\"clear\"><\/div>\n<\/div>\n<div class=\"clear\"><\/div>\n<\/article>\n<\/div>\n<div class=\"related recommended products-section\"><\/div>","protected":false},"excerpt":{"rendered":"<p>Este reloj t\u00e1ctil elegante y \u00fanico tiene una increible calidad en cuanto al dise\u00f1o y los materiales. El Bradley no tiene cubierta de cristal. Tiene una cara y un marco de titanio robusto y elegante.<\/p>","protected":false},"featured_media":1295,"comment_status":"open","ping_status":"closed","template":"","meta":[],"product_cat":[18,95,22,93,85],"product_tag":[],"class_list":["post-1294","product","type-product","status-publish","has-post-thumbnail","hentry","product_cat-baja-vision","product_cat-bradley","product_cat-diversidad-visual","product_cat-relojes-braille","product_cat-relojes"],"_links":{"self":[{"href":"https:\/\/0barreras.com\/en\/wp-json\/wp\/v2\/product\/1294","targetHints":{"allow":["GET"]}}],"collection":[{"href":"https:\/\/0barreras.com\/en\/wp-json\/wp\/v2\/product"}],"about":[{"href":"https:\/\/0barreras.com\/en\/wp-json\/wp\/v2\/types\/product"}],"replies":[{"embeddable":true,"href":"https:\/\/0barreras.com\/en\/wp-json\/wp\/v2\/comments?post=1294"}],"version-history":[{"count":0,"href":"https:\/\/0barreras.com\/en\/wp-json\/wp\/v2\/product\/1294\/revisions"}],"wp:featuredmedia":[{"embeddable":true,"href":"https:\/\/0barreras.com\/en\/wp-json\/wp\/v2\/media\/1295"}],"wp:attachment":[{"href":"https:\/\/0barreras.com\/en\/wp-json\/wp\/v2\/media?parent=1294"}],"wp:term":[{"taxonomy":"product_cat","embeddable":true,"href":"https:\/\/0barreras.com\/en\/wp-json\/wp\/v2\/product_cat?post=1294"},{"taxonomy":"product_tag","embeddable":true,"href":"https:\/\/0barreras.com\/en\/wp-json\/wp\/v2\/product_tag?post=1294"}],"curies":[{"name":"wp","href":"https:\/\/api.w.org\/{rel}","templated":true}]}}