{"id":1247,"date":"2024-04-04T02:17:16","date_gmt":"2024-04-04T07:17:16","guid":{"rendered":"https:\/\/0barreras.com\/?post_type=product&#038;p=1247"},"modified":"2024-04-10T19:31:57","modified_gmt":"2024-04-11T00:31:57","slug":"reloj-braille-plateado-para-todos-los-dias-con-correa-de-expansion","status":"publish","type":"product","link":"https:\/\/0barreras.com\/en\/product\/reloj-braille-plateado-para-todos-los-dias-con-correa-de-expansion\/","title":{"rendered":"Reloj Braille en Color Plateado: con pulsera de expansi\u00f3n: Funcionalidad y Estilo al Tacto"},"content":{"rendered":"<p>Este reloj de cuarzo confiable, que funciona con pilas y no requiere cuerda, es una combinaci\u00f3n perfecta de practicidad y elegancia. Su esfera plateada con n\u00fameros negros y la correa de expansi\u00f3n en tono plateado lo convierten en un accesorio vers\u00e1til para cualquier ocasi\u00f3n.<\/p>\n<p>Caracter\u00edsticas Destacadas:<\/p>\n<ul>\n<li>Dise\u00f1o Sofisticado: La esfera plateada agrega un toque de sofisticaci\u00f3n a este reloj. Los n\u00fameros negros contrastan de manera elegante, facilitando la lectura t\u00e1ctil.<\/li>\n<li>El cristal tiene bisagras en la posici\u00f3n de las 12 en punto, permitiendo que se levante a las 6 en punto para indicar la hora al tacto. Una soluci\u00f3n ingeniosa para la lectura braille.<\/li>\n<li>Correa Ajustable: La correa de expansi\u00f3n en tono plateado se adapta c\u00f3modamente a la mu\u00f1eca, brindando comodidad y estilo.<\/li>\n<\/ul>\n<p>Especificaciones:<\/p>\n<p>Reloj para Caballeros:<\/p>\n<ul>\n<li>Esfera: 1 pulgada de ancho<\/li>\n<li>Caja del reloj: 1 3\/8 pulgadas (medida desde el lado izquierdo hasta la parte superior del v\u00e1stago\/corona)<\/li>\n<\/ul>\n<p>Reloj para Damas:<\/p>\n<ul>\n<li>Esfera: 0.75 pulgadas de ancho<\/li>\n<li>Caja del reloj: 1 pulgada de ancho<\/li>\n<\/ul>\n<p>Recordar escoger el reloj si es para Dama o Caballero.<\/p>","protected":false},"excerpt":{"rendered":"<p>Este reloj braille en color plateado es una opci\u00f3n elegante y funcional para quienes valoran la accesibilidad y el estilo. Tanto para hombres como para mujeres, su dise\u00f1o cuidadosamente pensado lo convierte en un accesorio imprescindible.<\/p>\n<p>Por favor, especifica si deseas la versi\u00f3n para <strong>Caballeros <\/strong>o\u00a0<strong>Damas.<\/strong><\/p>","protected":false},"featured_media":1250,"comment_status":"open","ping_status":"closed","template":"","meta":[],"product_cat":[18,22,93,85],"product_tag":[],"class_list":["post-1247","product","type-product","status-publish","has-post-thumbnail","hentry","product_cat-baja-vision","product_cat-diversidad-visual","product_cat-relojes-braille","product_cat-relojes"],"_links":{"self":[{"href":"https:\/\/0barreras.com\/en\/wp-json\/wp\/v2\/product\/1247","targetHints":{"allow":["GET"]}}],"collection":[{"href":"https:\/\/0barreras.com\/en\/wp-json\/wp\/v2\/product"}],"about":[{"href":"https:\/\/0barreras.com\/en\/wp-json\/wp\/v2\/types\/product"}],"replies":[{"embeddable":true,"href":"https:\/\/0barreras.com\/en\/wp-json\/wp\/v2\/comments?post=1247"}],"version-history":[{"count":1,"href":"https:\/\/0barreras.com\/en\/wp-json\/wp\/v2\/product\/1247\/revisions"}],"predecessor-version":[{"id":1544,"href":"https:\/\/0barreras.com\/en\/wp-json\/wp\/v2\/product\/1247\/revisions\/1544"}],"wp:featuredmedia":[{"embeddable":true,"href":"https:\/\/0barreras.com\/en\/wp-json\/wp\/v2\/media\/1250"}],"wp:attachment":[{"href":"https:\/\/0barreras.com\/en\/wp-json\/wp\/v2\/media?parent=1247"}],"wp:term":[{"taxonomy":"product_cat","embeddable":true,"href":"https:\/\/0barreras.com\/en\/wp-json\/wp\/v2\/product_cat?post=1247"},{"taxonomy":"product_tag","embeddable":true,"href":"https:\/\/0barreras.com\/en\/wp-json\/wp\/v2\/product_tag?post=1247"}],"curies":[{"name":"wp","href":"https:\/\/api.w.org\/{rel}","templated":true}]}}