{"id":1195,"date":"2024-04-03T03:17:55","date_gmt":"2024-04-03T08:17:55","guid":{"rendered":"https:\/\/0barreras.com\/?post_type=product&#038;p=1195"},"modified":"2024-04-10T11:23:26","modified_gmt":"2024-04-10T16:23:26","slug":"reloj-de-baja-vision-de-2-pulgadas-con-correa-elastica-de-tela-marca-quartz","status":"publish","type":"product","link":"https:\/\/0barreras.com\/en\/product\/reloj-de-baja-vision-de-2-pulgadas-con-correa-elastica-de-tela-marca-quartz\/","title":{"rendered":"Reloj de Baja Visi\u00f3n Extra Grande Quartz: M\u00e1xima Visibilidad y Comodidad"},"content":{"rendered":"<div class=\"productView thumbnail-unclicked\" data-event-type=\"product\" data-entity-id=\"1166\" data-name=\"Low Vision Silver Tone Watch with White Face and Expansion Band\" data-product-category=\"Vision\/Watches\/Low Vision Watches\" data-product-brand=\"\" data-product-price=\"27.95\" data-product-variant=\"single-product-option\">\n<article class=\"productView-description\">\n<div class=\"tabs-contents\">\n<div id=\"tab-description\" class=\"tab-content overview is-active\">\n<div class=\"productView thumbnail-unclicked\" data-event-type=\"product\" data-entity-id=\"1164\" data-name=\"Low Vision Gold Tone Watch With Black Face and Leather Band\" data-product-category=\"Vision\/Watches\/Low Vision Watches\" data-product-brand=\"\" data-product-price=\"27.95\" data-product-variant=\"single-product-option\">\n<article class=\"productView-description\">\n<div class=\"tabs-contents\">\n<div id=\"tab-description\" class=\"tab-content overview is-active\">\n<div class=\"productView thumbnail-unclicked\" data-event-type=\"product\" data-entity-id=\"1163\" data-name=\"Low Vision Gold Tone Watch With White Face and Expansion Band\" data-product-category=\"Vision\/Watches\/Low Vision Watches\" data-product-brand=\"\" data-product-price=\"27.95\" data-product-variant=\"single-product-option\">\n<article class=\"productView-description\">\n<div class=\"tabs-contents\">\n<div id=\"tab-description\" class=\"tab-content overview is-active\">\n<div class=\"productView thumbnail-unclicked\" data-event-type=\"product\" data-entity-id=\"1162\" data-name=\"Low Vision Gold Tone Watch With White Face and Leather Band\" data-product-category=\"Vision\/Watches\/Low Vision Watches\" data-product-brand=\"\" data-product-price=\"27.95\" data-product-variant=\"single-product-option\">\n<article class=\"productView-description\">\n<div class=\"tabs-contents\"><\/div>\n<div class=\"clear\">\u00a1Nuestro reloj de pulsera con baja visi\u00f3n m\u00e1s grande est\u00e1 de vuelta! Este reloj extra grande de la marca Quartz cuenta con una cara de 1,6 pulgadas de ancho, lo que sumado al marco alcanza un total de 2 pulgadas, proporcionando una visibilidad y claridad excepcionales. Con manecillas y n\u00fameros de color negro sobre fondo blanco, el reloj es ideal para distinguir perfectamente la hora. La banda de tela el\u00e1stica con cierre de velcro es muy f\u00e1cil de poner y quitar, ofreciendo comodidad ajustable. Disponible en dos tama\u00f1os de banda: grande (9.5 pulgadas) y peque\u00f1o (8.2 pulgadas), este reloj es perfecto para aquellos que buscan practicidad y estilo en un solo producto.<\/div>\n<\/article>\n<\/div>\n<\/div>\n<\/div>\n<\/article>\n<\/div>\n<\/div>\n<\/div>\n<\/article>\n<\/div>\n<\/div>\n<\/div>\n<\/article>\n<\/div>","protected":false},"excerpt":{"rendered":"<p>Este reloj de baja visi\u00f3n extra grande de la marca Quartz ofrece m\u00e1xima visibilidad y claridad con una cara de 1,6 pulgadas de ancho. Con manecillas y n\u00fameros de color negro sobre fondo blanco, es ideal para distinguir la hora f\u00e1cilmente. La banda el\u00e1stica de tela con cierre de velcro garantiza comodidad ajustable, disponible en dos tama\u00f1os para adaptarse a todas las mu\u00f1ecas.<\/p>","protected":false},"featured_media":1198,"comment_status":"open","ping_status":"closed","template":"","meta":[],"product_cat":[18,22,92,91,85],"product_tag":[],"class_list":["post-1195","product","type-product","status-publish","has-post-thumbnail","hentry","product_cat-baja-vision","product_cat-diversidad-visual","product_cat-quartz","product_cat-relojes-de-baja-vision","product_cat-relojes"],"_links":{"self":[{"href":"https:\/\/0barreras.com\/en\/wp-json\/wp\/v2\/product\/1195","targetHints":{"allow":["GET"]}}],"collection":[{"href":"https:\/\/0barreras.com\/en\/wp-json\/wp\/v2\/product"}],"about":[{"href":"https:\/\/0barreras.com\/en\/wp-json\/wp\/v2\/types\/product"}],"replies":[{"embeddable":true,"href":"https:\/\/0barreras.com\/en\/wp-json\/wp\/v2\/comments?post=1195"}],"version-history":[{"count":1,"href":"https:\/\/0barreras.com\/en\/wp-json\/wp\/v2\/product\/1195\/revisions"}],"predecessor-version":[{"id":1533,"href":"https:\/\/0barreras.com\/en\/wp-json\/wp\/v2\/product\/1195\/revisions\/1533"}],"wp:featuredmedia":[{"embeddable":true,"href":"https:\/\/0barreras.com\/en\/wp-json\/wp\/v2\/media\/1198"}],"wp:attachment":[{"href":"https:\/\/0barreras.com\/en\/wp-json\/wp\/v2\/media?parent=1195"}],"wp:term":[{"taxonomy":"product_cat","embeddable":true,"href":"https:\/\/0barreras.com\/en\/wp-json\/wp\/v2\/product_cat?post=1195"},{"taxonomy":"product_tag","embeddable":true,"href":"https:\/\/0barreras.com\/en\/wp-json\/wp\/v2\/product_tag?post=1195"}],"curies":[{"name":"wp","href":"https:\/\/api.w.org\/{rel}","templated":true}]}}