{"id":1187,"date":"2024-04-03T03:03:40","date_gmt":"2024-04-03T08:03:40","guid":{"rendered":"https:\/\/0barreras.com\/?post_type=product&#038;p=1187"},"modified":"2024-04-09T18:28:53","modified_gmt":"2024-04-09T23:28:53","slug":"reloj-de-baja-vision-dorado-con-fondo-negro-y-correa-de-expansion-marca-quartz","status":"publish","type":"product","link":"https:\/\/0barreras.com\/en\/product\/reloj-de-baja-vision-dorado-con-fondo-negro-y-correa-de-expansion-marca-quartz\/","title":{"rendered":"Elegante Reloj Marca Quartz de Baja Visi\u00f3n Dorado con Fondo Negro y Correa de Expansi\u00f3n dorada"},"content":{"rendered":"<div class=\"productView thumbnail-unclicked\" data-event-type=\"product\" data-entity-id=\"1166\" data-name=\"Low Vision Silver Tone Watch with White Face and Expansion Band\" data-product-category=\"Vision\/Watches\/Low Vision Watches\" data-product-brand=\"\" data-product-price=\"27.95\" data-product-variant=\"single-product-option\">\n<article class=\"productView-description\">\n<div class=\"tabs-contents\">\n<div id=\"tab-description\" class=\"tab-content overview is-active\">Adem\u00e1s del gran tama\u00f1o (esfera de 1,5 pulgadas de di\u00e1metro), este reloj incluye manecillas extra anchas que proporcionan la m\u00e1xima visibilidad y facilidad de lectura. Viene en color dorado con fondo negro y manecillas blancas marca Quartz.<\/div>\n<div class=\"clear\"><\/div>\n<\/div>\n<div class=\"clear\"><\/div>\n<\/article>\n<\/div>\n<div class=\"related recommended products-section\"><\/div>","protected":false},"excerpt":{"rendered":"<p>Adem\u00e1s del gran tama\u00f1o (esfera de 1,5 pulgadas de di\u00e1metro), este reloj incluye manecillas extra anchas que proporcionan la m\u00e1xima visibilidad y facilidad de lectura. Viene en color dorado con fondo negro y manecillas blancas marca Quartz.<\/p>","protected":false},"featured_media":1188,"comment_status":"open","ping_status":"closed","template":"","meta":[],"product_cat":[18,22,92,91,85],"product_tag":[],"class_list":["post-1187","product","type-product","status-publish","has-post-thumbnail","hentry","product_cat-baja-vision","product_cat-diversidad-visual","product_cat-quartz","product_cat-relojes-de-baja-vision","product_cat-relojes"],"_links":{"self":[{"href":"https:\/\/0barreras.com\/en\/wp-json\/wp\/v2\/product\/1187","targetHints":{"allow":["GET"]}}],"collection":[{"href":"https:\/\/0barreras.com\/en\/wp-json\/wp\/v2\/product"}],"about":[{"href":"https:\/\/0barreras.com\/en\/wp-json\/wp\/v2\/types\/product"}],"replies":[{"embeddable":true,"href":"https:\/\/0barreras.com\/en\/wp-json\/wp\/v2\/comments?post=1187"}],"version-history":[{"count":1,"href":"https:\/\/0barreras.com\/en\/wp-json\/wp\/v2\/product\/1187\/revisions"}],"predecessor-version":[{"id":1530,"href":"https:\/\/0barreras.com\/en\/wp-json\/wp\/v2\/product\/1187\/revisions\/1530"}],"wp:featuredmedia":[{"embeddable":true,"href":"https:\/\/0barreras.com\/en\/wp-json\/wp\/v2\/media\/1188"}],"wp:attachment":[{"href":"https:\/\/0barreras.com\/en\/wp-json\/wp\/v2\/media?parent=1187"}],"wp:term":[{"taxonomy":"product_cat","embeddable":true,"href":"https:\/\/0barreras.com\/en\/wp-json\/wp\/v2\/product_cat?post=1187"},{"taxonomy":"product_tag","embeddable":true,"href":"https:\/\/0barreras.com\/en\/wp-json\/wp\/v2\/product_tag?post=1187"}],"curies":[{"name":"wp","href":"https:\/\/api.w.org\/{rel}","templated":true}]}}