{"id":1092,"date":"2024-03-27T05:59:10","date_gmt":"2024-03-27T10:59:10","guid":{"rendered":"https:\/\/0barreras.com\/?post_type=product&#038;p=1092"},"modified":"2024-06-18T02:14:19","modified_gmt":"2024-06-18T07:14:19","slug":"reloj-atomico-digital-parlante-plateado-correa-de-expansion-plateada-con-boton-superior","status":"publish","type":"product","link":"https:\/\/0barreras.com\/en\/product\/reloj-atomico-digital-parlante-plateado-correa-de-expansion-plateada-con-boton-superior\/","title":{"rendered":"Reloj at\u00f3mico digital parlante, plateado, correa de expansi\u00f3n plateada con bot\u00f3n superior verde."},"content":{"rendered":"<p>El reloj at\u00f3mico parlante digital es una opci\u00f3n ligera y sencilla para aquellos que necesitan acceder f\u00e1cilmente a la hora precisa. Con un bot\u00f3n verde redondo de alto contraste en la esfera, es f\u00e1cil de encontrar y presionar. El receptor at\u00f3mico multibanda ajusta autom\u00e1ticamente la hora en los EE. UU. y el Reino Unido una vez que se configura la zona horaria espec\u00edfica.<br \/>\nEste reloj tiene un dise\u00f1o plateado con una correa de expansi\u00f3n plateada que se adapta c\u00f3modamente a la mu\u00f1eca. La esfera cuenta con una pantalla digital y un bot\u00f3n verde grande que anuncia la hora cada vez que se presiona, todo ello acompa\u00f1ado por una clara voz masculina que emana de la parte inferior del reloj.<br \/>\nCaracter\u00edsticas:<br \/>\n\u2022 Bot\u00f3n verde redondo de alto contraste.<br \/>\n\u2022 Receptor at\u00f3mico multibanda.<br \/>\n\u2022 Correa de expansi\u00f3n plateada.<br \/>\n\u2022 Pantalla digital en la esfera.<br \/>\n\u2022 Voz masculina clara.<br \/>\n\u2022 Dimensiones: 2 pulgadas de ancho, 1 7\/8 pulgadas de alto, bot\u00f3n verde de 3\/8 de pulgada de ancho.<br \/>\nIncluye: Reloj at\u00f3mico parlante digital, correa de expansi\u00f3n plateada.<br \/>\nNota: Requiere una bater\u00eda CR2032 (incluida).<\/p>","protected":false},"excerpt":{"rendered":"<p>El reloj at\u00f3mico parlante digital es ligero y sencillo, con un bot\u00f3n verde de alto contraste en la esfera para conocer la hora precisa con solo presionarlo. El receptor at\u00f3mico multibanda ajusta autom\u00e1ticamente la hora en EE. UU. y el Reino Unido. De color plateado, con correa de expansi\u00f3n plateada f\u00e1cil de usar. La esfera tiene una pantalla digital y un bot\u00f3n grande que anuncia la hora al presionarlo, con voz masculina clara.<\/p>","protected":false},"featured_media":1093,"comment_status":"open","ping_status":"closed","template":"","meta":[],"product_cat":[18,227,87,85,88,229],"product_tag":[],"class_list":["post-1092","product","type-product","status-publish","has-post-thumbnail","hentry","product_cat-baja-vision","product_cat-productos-parlantes","product_cat-relojes-atomicos","product_cat-relojes","product_cat-relojes-parlantes","product_cat-relojes-parlantes-productos-parlantes"],"_links":{"self":[{"href":"https:\/\/0barreras.com\/en\/wp-json\/wp\/v2\/product\/1092","targetHints":{"allow":["GET"]}}],"collection":[{"href":"https:\/\/0barreras.com\/en\/wp-json\/wp\/v2\/product"}],"about":[{"href":"https:\/\/0barreras.com\/en\/wp-json\/wp\/v2\/types\/product"}],"replies":[{"embeddable":true,"href":"https:\/\/0barreras.com\/en\/wp-json\/wp\/v2\/comments?post=1092"}],"version-history":[{"count":1,"href":"https:\/\/0barreras.com\/en\/wp-json\/wp\/v2\/product\/1092\/revisions"}],"predecessor-version":[{"id":1519,"href":"https:\/\/0barreras.com\/en\/wp-json\/wp\/v2\/product\/1092\/revisions\/1519"}],"wp:featuredmedia":[{"embeddable":true,"href":"https:\/\/0barreras.com\/en\/wp-json\/wp\/v2\/media\/1093"}],"wp:attachment":[{"href":"https:\/\/0barreras.com\/en\/wp-json\/wp\/v2\/media?parent=1092"}],"wp:term":[{"taxonomy":"product_cat","embeddable":true,"href":"https:\/\/0barreras.com\/en\/wp-json\/wp\/v2\/product_cat?post=1092"},{"taxonomy":"product_tag","embeddable":true,"href":"https:\/\/0barreras.com\/en\/wp-json\/wp\/v2\/product_tag?post=1092"}],"curies":[{"name":"wp","href":"https:\/\/api.w.org\/{rel}","templated":true}]}}