{"id":1081,"date":"2024-03-27T05:55:14","date_gmt":"2024-03-27T10:55:14","guid":{"rendered":"https:\/\/0barreras.com\/?post_type=product&#038;p=1081"},"modified":"2024-06-18T02:14:19","modified_gmt":"2024-06-18T07:14:19","slug":"reloj-parlante-atomico-con-fecha-y-manecillas-fluorescentes","status":"publish","type":"product","link":"https:\/\/0barreras.com\/en\/product\/reloj-parlante-atomico-con-fecha-y-manecillas-fluorescentes\/","title":{"rendered":"Reloj At\u00f3mico Parlante para Personas con Problemas de Visi\u00f3n, Voz Masculina y Numeraci\u00f3n de Alto Contraste, manecillas fluorescentes"},"content":{"rendered":"<p>El atractivo reloj at\u00f3mico parlante est\u00e1 dise\u00f1ado para personas con problemas de visi\u00f3n, ya que anuncia claramente la hora, el d\u00eda, la fecha y el mes con una agradable voz masculina. Sus caracter\u00edsticas incluyen grandes n\u00fameros negros sobre un fondo blanco para una f\u00e1cil visualizaci\u00f3n, manecillas de horas y minutos de un verde fluorescente claro y una cara de 1.5 pulgadas de di\u00e1metro que se ve bien en el brazo de hombres y mujeres. Viene con una correa de cuero negro o una banda de expansi\u00f3n, y funciona con una bater\u00eda CR2032 (incluida). Tambi\u00e9n cuenta con una alarma que emite un pitido.<\/p>","protected":false},"excerpt":{"rendered":"<p>El reloj at\u00f3mico parlante es ideal para personas con problemas de visi\u00f3n, ya que anuncia claramente la hora, el d\u00eda, la fecha y el mes con una voz masculina agradable. Tiene grandes n\u00fameros negros sobre un fondo blanco, manecillas de horas y minutos de un verde fluorescente claro y una cara de 1.5 pulgadas de di\u00e1metro. Viene con una correa de cuero negro o una banda de expansi\u00f3n y funciona con una bater\u00eda CR2032 (incluida), adem\u00e1s de contar con una alarma que emite un pitido.<\/p>","protected":false},"featured_media":1085,"comment_status":"open","ping_status":"closed","template":"","meta":[],"product_cat":[18,227,87,85,229],"product_tag":[],"class_list":["post-1081","product","type-product","status-publish","has-post-thumbnail","hentry","product_cat-baja-vision","product_cat-productos-parlantes","product_cat-relojes-atomicos","product_cat-relojes","product_cat-relojes-parlantes-productos-parlantes"],"_links":{"self":[{"href":"https:\/\/0barreras.com\/en\/wp-json\/wp\/v2\/product\/1081","targetHints":{"allow":["GET"]}}],"collection":[{"href":"https:\/\/0barreras.com\/en\/wp-json\/wp\/v2\/product"}],"about":[{"href":"https:\/\/0barreras.com\/en\/wp-json\/wp\/v2\/types\/product"}],"replies":[{"embeddable":true,"href":"https:\/\/0barreras.com\/en\/wp-json\/wp\/v2\/comments?post=1081"}],"version-history":[{"count":1,"href":"https:\/\/0barreras.com\/en\/wp-json\/wp\/v2\/product\/1081\/revisions"}],"predecessor-version":[{"id":1516,"href":"https:\/\/0barreras.com\/en\/wp-json\/wp\/v2\/product\/1081\/revisions\/1516"}],"wp:featuredmedia":[{"embeddable":true,"href":"https:\/\/0barreras.com\/en\/wp-json\/wp\/v2\/media\/1085"}],"wp:attachment":[{"href":"https:\/\/0barreras.com\/en\/wp-json\/wp\/v2\/media?parent=1081"}],"wp:term":[{"taxonomy":"product_cat","embeddable":true,"href":"https:\/\/0barreras.com\/en\/wp-json\/wp\/v2\/product_cat?post=1081"},{"taxonomy":"product_tag","embeddable":true,"href":"https:\/\/0barreras.com\/en\/wp-json\/wp\/v2\/product_tag?post=1081"}],"curies":[{"name":"wp","href":"https:\/\/api.w.org\/{rel}","templated":true}]}}