{"id":86,"date":"2023-10-10T21:25:56","date_gmt":"2023-10-11T02:25:56","guid":{"rendered":"https:\/\/0barreras.com\/?page_id=86"},"modified":"2023-10-10T21:46:46","modified_gmt":"2023-10-11T02:46:46","slug":"nuestra-empresa","status":"publish","type":"page","link":"https:\/\/0barreras.com\/en\/nuestra-empresa\/","title":{"rendered":"Nuestra Empresa"},"content":{"rendered":"<h2 style=\"text-align: center;\"><em><strong>0Barreras<\/strong><\/em><\/h2>\n<div>Estamos comprometidos con la movilidad, accesibilidad e inclusi\u00f3n, de las personas que padecen alguna diversidad funcional visible o no visible. M\u00e1s que una unidad de negocios, es una labor social, que permite crear un mundo m\u00e1s accesible e inclusivo.<\/div>\n<blockquote>\n<h3><strong><em>Misi\u00f3n<\/em><\/strong><\/h3>\n<\/blockquote>\n<div><em>Proveer, promover y transmitir a las personas con diversidades funcionales las herramientas, conocimientos, experiencias y motivaci\u00f3n para que logren incluirse en la sociedad y a la vida productiva de manera responsable, independiente y digna.<\/em><\/div>\n<div><\/div>\n<blockquote>\n<h3><em>Visi\u00f3n<\/em><\/h3>\n<\/blockquote>\n<div><em>Para el a\u00f1o 2025, posesionarnos en Latinoam\u00e9rica como gestores de Rehabilitaci\u00f3n: F\u00edsica, Psicol\u00f3gica, educativa y laboral, garantizando inclusi\u00f3n para todas las personas con diversidades funcionales, para se sientan empoderadas en\u00a0 el \u00e1mbito educativo, laboral y social.<\/em><\/div>","protected":false},"excerpt":{"rendered":"<p>0Barreras Estamos comprometidos con la movilidad, accesibilidad e inclusi\u00f3n, de las personas que padecen alguna diversidad funcional visible o no visible. M\u00e1s que una unidad de negocios, es una labor social, que permite crear un mundo m\u00e1s accesible e inclusivo. Misi\u00f3n Proveer, promover y transmitir a las personas con diversidades funcionales las herramientas, conocimientos, experiencias&#8230;<\/p>","protected":false},"author":2,"featured_media":0,"parent":0,"menu_order":0,"comment_status":"closed","ping_status":"closed","template":"","meta":{"footnotes":""},"class_list":["post-86","page","type-page","status-publish","hentry"],"_links":{"self":[{"href":"https:\/\/0barreras.com\/en\/wp-json\/wp\/v2\/pages\/86","targetHints":{"allow":["GET"]}}],"collection":[{"href":"https:\/\/0barreras.com\/en\/wp-json\/wp\/v2\/pages"}],"about":[{"href":"https:\/\/0barreras.com\/en\/wp-json\/wp\/v2\/types\/page"}],"author":[{"embeddable":true,"href":"https:\/\/0barreras.com\/en\/wp-json\/wp\/v2\/users\/2"}],"replies":[{"embeddable":true,"href":"https:\/\/0barreras.com\/en\/wp-json\/wp\/v2\/comments?post=86"}],"version-history":[{"count":1,"href":"https:\/\/0barreras.com\/en\/wp-json\/wp\/v2\/pages\/86\/revisions"}],"predecessor-version":[{"id":87,"href":"https:\/\/0barreras.com\/en\/wp-json\/wp\/v2\/pages\/86\/revisions\/87"}],"wp:attachment":[{"href":"https:\/\/0barreras.com\/en\/wp-json\/wp\/v2\/media?parent=86"}],"curies":[{"name":"wp","href":"https:\/\/api.w.org\/{rel}","templated":true}]}}